{"id":8428,"date":"2025-01-31T08:31:53","date_gmt":"2025-01-31T07:31:53","guid":{"rendered":"https:\/\/divainers.com\/producto\/divain-518\/"},"modified":"2026-04-30T09:51:09","modified_gmt":"2026-04-30T07:51:09","slug":"divain-518","status":"publish","type":"product","link":"https:\/\/divainers.com\/fi\/producto\/divain-518\/","title":{"rendered":"divain.518"},"content":{"rendered":"<p>Eksoottinen ja ymp\u00e4r\u00f6iv\u00e4 tuoksu, joka vie aistien matkalle t\u00e4ynn\u00e4 l\u00e4mp\u00f6\u00e4 ja hienostuneisuutta. Avaushetkest\u00e4 l\u00e4htien kanelin ja bergamotin mausteinen makeus her\u00e4tt\u00e4\u00e4 aistit l\u00e4mpim\u00e4ll\u00e4 ja s\u00e4teilev\u00e4ll\u00e4 v\u00e4r\u00e4htelyll\u00e4. Syd\u00e4mess\u00e4 elegantti jasmiinin ja ruusun kimppu sulautuu ylang-ylangin s\u00e4vyihin, tuoden runsasta ja viettelev\u00e4\u00e4 naisellisuutta. Lopuksi vaniljan, bensoeenin ja ambran pohjatuoksu j\u00e4tt\u00e4\u00e4 kermaisen, ymp\u00e4r\u00f6iv\u00e4n ja syv\u00e4sti sensuellin j\u00e4ljen. Luksusmainen ja magneettinen hajuvesi, joka sopii niille, jotka etsiv\u00e4t it\u00e4maista, l\u00e4mmint\u00e4 ja hienostunutta unohtumatonta luonnetta.<\/p>\n","protected":false},"excerpt":{"rendered":"<p>Muistuttaa Jaipuria merkilt\u00e4 Boucheron<\/p>\n","protected":false},"featured_media":8426,"comment_status":"open","ping_status":"closed","template":"","meta":[],"product_brand":[],"product_cat":[1870],"product_tag":[1428],"class_list":{"0":"post-8428","1":"product","2":"type-product","3":"status-publish","4":"has-post-thumbnail","6":"product_cat-boucheron","7":"product_tag-naiset","9":"first","10":"instock","11":"shipping-taxable","12":"product-type-simple"},"_links":{"self":[{"href":"https:\/\/divainers.com\/fi\/wp-json\/wp\/v2\/product\/8428","targetHints":{"allow":["GET"]}}],"collection":[{"href":"https:\/\/divainers.com\/fi\/wp-json\/wp\/v2\/product"}],"about":[{"href":"https:\/\/divainers.com\/fi\/wp-json\/wp\/v2\/types\/product"}],"replies":[{"embeddable":true,"href":"https:\/\/divainers.com\/fi\/wp-json\/wp\/v2\/comments?post=8428"}],"wp:featuredmedia":[{"embeddable":true,"href":"https:\/\/divainers.com\/fi\/wp-json\/wp\/v2\/media\/8426"}],"wp:attachment":[{"href":"https:\/\/divainers.com\/fi\/wp-json\/wp\/v2\/media?parent=8428"}],"wp:term":[{"taxonomy":"product_brand","embeddable":true,"href":"https:\/\/divainers.com\/fi\/wp-json\/wp\/v2\/product_brand?post=8428"},{"taxonomy":"product_cat","embeddable":true,"href":"https:\/\/divainers.com\/fi\/wp-json\/wp\/v2\/product_cat?post=8428"},{"taxonomy":"product_tag","embeddable":true,"href":"https:\/\/divainers.com\/fi\/wp-json\/wp\/v2\/product_tag?post=8428"}],"curies":[{"name":"wp","href":"https:\/\/api.w.org\/{rel}","templated":true}]}}