{"id":8472,"date":"2025-01-31T08:31:54","date_gmt":"2025-01-31T07:31:54","guid":{"rendered":"https:\/\/divainers.com\/producto\/divain-060\/"},"modified":"2026-04-30T09:51:21","modified_gmt":"2026-04-30T07:51:21","slug":"divain-060","status":"publish","type":"product","link":"https:\/\/divainers.com\/fi\/producto\/divain-060\/","title":{"rendered":"divain.060"},"content":{"rendered":"<p>Makea ja lumoava tuoksu, joka her\u00e4tt\u00e4\u00e4 mielikuvituksen ja romantiikan maailman eloon. Sen kimaltava avaustuoksu, jossa on kiivi\u00e4, punaista liitschi\u00e4 ja kvitteni\u00e4, tuo hedelm\u00e4isen ja mehukkaan vivahteen. Syd\u00e4mess\u00e4 jasmiini ja valkoinen suklaa luovat koukuttavan ja viettelev\u00e4n yhdistelm\u00e4n. Pohjalla vanilja, myski ja kermaiset puun s\u00e4vyt kietovat tuoksun l\u00e4mpim\u00e4\u00e4n ja ymp\u00e4r\u00f6iv\u00e4\u00e4n j\u00e4lkeen. T\u00e4ydellinen unelmoivalle, leikkis\u00e4lle naiselle, jolla on maaginen ja vastustamaton henki.<\/p>\n","protected":false},"excerpt":{"rendered":"<p>Muistuttaa Fantasy\u00e4 Britney Spearsilt\u00e4<\/p>\n","protected":false},"featured_media":8469,"comment_status":"open","ping_status":"closed","template":"","meta":[],"product_brand":[],"product_cat":[1892],"product_tag":[1428],"class_list":{"0":"post-8472","1":"product","2":"type-product","3":"status-publish","4":"has-post-thumbnail","6":"product_cat-britney-spears","7":"product_tag-naiset","9":"first","10":"instock","11":"shipping-taxable","12":"product-type-simple"},"_links":{"self":[{"href":"https:\/\/divainers.com\/fi\/wp-json\/wp\/v2\/product\/8472","targetHints":{"allow":["GET"]}}],"collection":[{"href":"https:\/\/divainers.com\/fi\/wp-json\/wp\/v2\/product"}],"about":[{"href":"https:\/\/divainers.com\/fi\/wp-json\/wp\/v2\/types\/product"}],"replies":[{"embeddable":true,"href":"https:\/\/divainers.com\/fi\/wp-json\/wp\/v2\/comments?post=8472"}],"wp:featuredmedia":[{"embeddable":true,"href":"https:\/\/divainers.com\/fi\/wp-json\/wp\/v2\/media\/8469"}],"wp:attachment":[{"href":"https:\/\/divainers.com\/fi\/wp-json\/wp\/v2\/media?parent=8472"}],"wp:term":[{"taxonomy":"product_brand","embeddable":true,"href":"https:\/\/divainers.com\/fi\/wp-json\/wp\/v2\/product_brand?post=8472"},{"taxonomy":"product_cat","embeddable":true,"href":"https:\/\/divainers.com\/fi\/wp-json\/wp\/v2\/product_cat?post=8472"},{"taxonomy":"product_tag","embeddable":true,"href":"https:\/\/divainers.com\/fi\/wp-json\/wp\/v2\/product_tag?post=8472"}],"curies":[{"name":"wp","href":"https:\/\/api.w.org\/{rel}","templated":true}]}}