{"id":8512,"date":"2025-01-31T08:31:54","date_gmt":"2025-01-31T07:31:54","guid":{"rendered":"https:\/\/divainers.com\/producto\/divain-137\/"},"modified":"2026-04-30T09:51:29","modified_gmt":"2026-04-30T07:51:29","slug":"divain-137","status":"publish","type":"product","link":"https:\/\/divainers.com\/fi\/producto\/divain-137\/","title":{"rendered":"divain.137"},"content":{"rendered":"<p>L\u00e4mmin ja elegantti tuoksu, joka kietoo aistit hienostuneella sensuaalisuudellaan. Hedelm\u00e4inen aloitus persikalla, p\u00e4\u00e4ryn\u00e4ll\u00e4 ja mustaherukalla tuo mehukkaan ja kirkkaan makeuden. Syd\u00e4mess\u00e4 jasmiini ja santelipuun yhdistelm\u00e4 luo pehme\u00e4n ja hienostuneen kokonaisuuden, joka korostaa naisellisuutta ymp\u00e4r\u00f6iv\u00e4ll\u00e4 kosketuksella. Pohjalla vanilja ja valkoinen myski j\u00e4tt\u00e4v\u00e4t l\u00e4mpim\u00e4n ja lohduttavan j\u00e4ljen, t\u00e4ydellinen klassiselle, tyylikk\u00e4\u00e4lle naiselle, jolla on ajaton vieh\u00e4tys ja joka j\u00e4tt\u00e4\u00e4 unohtumattoman vaikutuksen.<\/p>\n","protected":false},"excerpt":{"rendered":"<p>Muistuttaa Burberry Womenia merkilt\u00e4 Burberry<\/p>\n","protected":false},"featured_media":8510,"comment_status":"open","ping_status":"closed","template":"","meta":[],"product_brand":[],"product_cat":[1911],"product_tag":[1428],"class_list":{"0":"post-8512","1":"product","2":"type-product","3":"status-publish","4":"has-post-thumbnail","6":"product_cat-burberry","7":"product_tag-naiset","9":"first","10":"instock","11":"shipping-taxable","12":"product-type-simple"},"_links":{"self":[{"href":"https:\/\/divainers.com\/fi\/wp-json\/wp\/v2\/product\/8512","targetHints":{"allow":["GET"]}}],"collection":[{"href":"https:\/\/divainers.com\/fi\/wp-json\/wp\/v2\/product"}],"about":[{"href":"https:\/\/divainers.com\/fi\/wp-json\/wp\/v2\/types\/product"}],"replies":[{"embeddable":true,"href":"https:\/\/divainers.com\/fi\/wp-json\/wp\/v2\/comments?post=8512"}],"wp:featuredmedia":[{"embeddable":true,"href":"https:\/\/divainers.com\/fi\/wp-json\/wp\/v2\/media\/8510"}],"wp:attachment":[{"href":"https:\/\/divainers.com\/fi\/wp-json\/wp\/v2\/media?parent=8512"}],"wp:term":[{"taxonomy":"product_brand","embeddable":true,"href":"https:\/\/divainers.com\/fi\/wp-json\/wp\/v2\/product_brand?post=8512"},{"taxonomy":"product_cat","embeddable":true,"href":"https:\/\/divainers.com\/fi\/wp-json\/wp\/v2\/product_cat?post=8512"},{"taxonomy":"product_tag","embeddable":true,"href":"https:\/\/divainers.com\/fi\/wp-json\/wp\/v2\/product_tag?post=8512"}],"curies":[{"name":"wp","href":"https:\/\/api.w.org\/{rel}","templated":true}]}}