{"id":8639,"date":"2025-01-31T08:33:38","date_gmt":"2025-01-31T07:33:38","guid":{"rendered":"https:\/\/divainers.com\/producto\/divain-659\/"},"modified":"2026-04-30T09:52:16","modified_gmt":"2026-04-30T07:52:16","slug":"divain-659","status":"publish","type":"product","link":"https:\/\/divainers.com\/fi\/producto\/divain-659\/","title":{"rendered":"divain.659"},"content":{"rendered":"<p>Tuoksu, joka huokuu aistillisuutta ja mysteeri\u00e4, t\u00e4ydellinen naiselle, joka haluaa lumoaa ainutlaatuisella j\u00e4ljell\u00e4. Se alkaa hedelm\u00e4isell\u00e4 ja mehukkaalla sekoituksella, jossa luumu- ja vadelmanuotteja yhdist\u00e4\u00e4 makea raikkaus ja hienovarainen kukkainen vivahde. Syd\u00e4n t\u00e4yttyy eksoottisten kukkien, kuten jasmiinin, hienovaraisesta soinnusta, joka tuo naisellisen ja ymp\u00e4r\u00f6iv\u00e4n aistillisuuden. Lopuksi pohjatuoksut santelipuusta ja mysksist\u00e4 luovat l\u00e4mpim\u00e4n ja maanl\u00e4heisen pohjan, j\u00e4tt\u00e4en pehmeyden ja syvyyden tunteen, joka kest\u00e4\u00e4.<\/p>\n","protected":false},"excerpt":{"rendered":"<p>Muistuttaa Forbiddenia Victoria&#8217;s Secretilt\u00e4<\/p>\n","protected":false},"featured_media":8637,"comment_status":"open","ping_status":"closed","template":"","meta":[],"product_brand":[],"product_cat":[1974],"product_tag":[1428],"class_list":{"0":"post-8639","1":"product","2":"type-product","3":"status-publish","4":"has-post-thumbnail","6":"product_cat-victorias-secret","7":"product_tag-naiset","9":"first","10":"instock","11":"shipping-taxable","12":"product-type-simple"},"_links":{"self":[{"href":"https:\/\/divainers.com\/fi\/wp-json\/wp\/v2\/product\/8639","targetHints":{"allow":["GET"]}}],"collection":[{"href":"https:\/\/divainers.com\/fi\/wp-json\/wp\/v2\/product"}],"about":[{"href":"https:\/\/divainers.com\/fi\/wp-json\/wp\/v2\/types\/product"}],"replies":[{"embeddable":true,"href":"https:\/\/divainers.com\/fi\/wp-json\/wp\/v2\/comments?post=8639"}],"wp:featuredmedia":[{"embeddable":true,"href":"https:\/\/divainers.com\/fi\/wp-json\/wp\/v2\/media\/8637"}],"wp:attachment":[{"href":"https:\/\/divainers.com\/fi\/wp-json\/wp\/v2\/media?parent=8639"}],"wp:term":[{"taxonomy":"product_brand","embeddable":true,"href":"https:\/\/divainers.com\/fi\/wp-json\/wp\/v2\/product_brand?post=8639"},{"taxonomy":"product_cat","embeddable":true,"href":"https:\/\/divainers.com\/fi\/wp-json\/wp\/v2\/product_cat?post=8639"},{"taxonomy":"product_tag","embeddable":true,"href":"https:\/\/divainers.com\/fi\/wp-json\/wp\/v2\/product_tag?post=8639"}],"curies":[{"name":"wp","href":"https:\/\/api.w.org\/{rel}","templated":true}]}}