{"id":9169,"date":"2025-01-31T08:33:39","date_gmt":"2025-01-31T07:33:39","guid":{"rendered":"https:\/\/divainers.com\/producto\/divain-100\/"},"modified":"2026-04-30T09:54:37","modified_gmt":"2026-04-30T07:54:37","slug":"divain-100","status":"publish","type":"product","link":"https:\/\/divainers.com\/fi\/producto\/divain-100\/","title":{"rendered":"divain.100"},"content":{"rendered":"<p>Puhdas ja luonnollinen tuoksu, joka her\u00e4tt\u00e4\u00e4 aamun raikkauden ja luonnon hienouden. Sen kirkas avaustuoksu sitruksista ja vihreist\u00e4 lehdist\u00e4 tuo virkist\u00e4v\u00e4n ja kevyen tunteen. Syd\u00e4mess\u00e4 jasmiinin, ruusun ja kielon kukkakimppu kietoo tuoksun pehme\u00e4\u00e4n ja eleganttiin naisellisuuteen. Pohjatuoksussa myski ja setripuu luovat l\u00e4mpim\u00e4n ja ymp\u00e4r\u00f6iv\u00e4n j\u00e4ljen, t\u00e4ydellisen romanttiselle, rauhalliselle naiselle, jolla on hienovarainen vieh\u00e4tys, joka j\u00e4tt\u00e4\u00e4 j\u00e4ljen.<\/p>\n","protected":false},"excerpt":{"rendered":"<p>Muistuttaa Agua de Rocioa Victorio &#038; Lucchinolta<\/p>\n","protected":false},"featured_media":9167,"comment_status":"open","ping_status":"closed","template":"","meta":[],"product_brand":[],"product_cat":[2228],"product_tag":[1428],"class_list":{"0":"post-9169","1":"product","2":"type-product","3":"status-publish","4":"has-post-thumbnail","6":"product_cat-victorio-lucchino","7":"product_tag-naiset","9":"first","10":"instock","11":"shipping-taxable","12":"product-type-simple"},"_links":{"self":[{"href":"https:\/\/divainers.com\/fi\/wp-json\/wp\/v2\/product\/9169","targetHints":{"allow":["GET"]}}],"collection":[{"href":"https:\/\/divainers.com\/fi\/wp-json\/wp\/v2\/product"}],"about":[{"href":"https:\/\/divainers.com\/fi\/wp-json\/wp\/v2\/types\/product"}],"replies":[{"embeddable":true,"href":"https:\/\/divainers.com\/fi\/wp-json\/wp\/v2\/comments?post=9169"}],"wp:featuredmedia":[{"embeddable":true,"href":"https:\/\/divainers.com\/fi\/wp-json\/wp\/v2\/media\/9167"}],"wp:attachment":[{"href":"https:\/\/divainers.com\/fi\/wp-json\/wp\/v2\/media?parent=9169"}],"wp:term":[{"taxonomy":"product_brand","embeddable":true,"href":"https:\/\/divainers.com\/fi\/wp-json\/wp\/v2\/product_brand?post=9169"},{"taxonomy":"product_cat","embeddable":true,"href":"https:\/\/divainers.com\/fi\/wp-json\/wp\/v2\/product_cat?post=9169"},{"taxonomy":"product_tag","embeddable":true,"href":"https:\/\/divainers.com\/fi\/wp-json\/wp\/v2\/product_tag?post=9169"}],"curies":[{"name":"wp","href":"https:\/\/api.w.org\/{rel}","templated":true}]}}