{"id":9436,"date":"2025-01-31T08:32:10","date_gmt":"2025-01-31T07:32:10","guid":{"rendered":"https:\/\/divainers.com\/producto\/divain-935\/"},"modified":"2026-04-30T09:55:28","modified_gmt":"2026-04-30T07:55:28","slug":"divain-935","status":"publish","type":"product","link":"https:\/\/divainers.com\/fi\/producto\/divain-935\/","title":{"rendered":"divain.935"},"content":{"rendered":"<p>El\u00e4v\u00e4 ja kimaltava tuoksu, joka her\u00e4tt\u00e4\u00e4 aistit raikkauden ja energian r\u00e4j\u00e4hdyksell\u00e4. Alusta alkaen sitruksen s\u00e4vyt appelsiinista ja sitruunasta yhdistyv\u00e4t mandariinin vivahteeseen, luoden valon ja elinvoiman tunteen, kuin auringons\u00e4de kirkkaana p\u00e4iv\u00e4n\u00e4. Tuoksun avautuessa pehme\u00e4 jasmiinin ja ruusujen kukka-akordi lis\u00e4\u00e4 naisellista herkkyytt\u00e4, kun taas l\u00e4mmin myski- ja setripohja tarjoaa puumaisen perustan, joka tasapainottaa raikkautta ja pehmeytt\u00e4. T\u00e4m\u00e4 hajuvesi on t\u00e4ydellinen niille, jotka etsiv\u00e4t virkist\u00e4v\u00e4\u00e4 ja iloista tuoksuel\u00e4myst\u00e4, j\u00e4tt\u00e4en kevyen, raikkaan ja elinvoimaisen j\u00e4ljen, ihanteellinen vapauden ja optimismin hetkiin.<\/p>\n","protected":false},"excerpt":{"rendered":"<p>Muistuttaa Chispas de Dana<\/p>\n","protected":false},"featured_media":3215,"comment_status":"open","ping_status":"closed","template":"","meta":[],"product_brand":[],"product_cat":[2318],"product_tag":[2319],"class_list":{"0":"post-9436","1":"product","2":"type-product","3":"status-publish","4":"has-post-thumbnail","6":"product_cat-dana","7":"product_tag-ninos-y-ninas","9":"first","10":"instock","11":"shipping-taxable","12":"product-type-simple"},"_links":{"self":[{"href":"https:\/\/divainers.com\/fi\/wp-json\/wp\/v2\/product\/9436","targetHints":{"allow":["GET"]}}],"collection":[{"href":"https:\/\/divainers.com\/fi\/wp-json\/wp\/v2\/product"}],"about":[{"href":"https:\/\/divainers.com\/fi\/wp-json\/wp\/v2\/types\/product"}],"replies":[{"embeddable":true,"href":"https:\/\/divainers.com\/fi\/wp-json\/wp\/v2\/comments?post=9436"}],"wp:featuredmedia":[{"embeddable":true,"href":"https:\/\/divainers.com\/fi\/wp-json\/wp\/v2\/media\/3215"}],"wp:attachment":[{"href":"https:\/\/divainers.com\/fi\/wp-json\/wp\/v2\/media?parent=9436"}],"wp:term":[{"taxonomy":"product_brand","embeddable":true,"href":"https:\/\/divainers.com\/fi\/wp-json\/wp\/v2\/product_brand?post=9436"},{"taxonomy":"product_cat","embeddable":true,"href":"https:\/\/divainers.com\/fi\/wp-json\/wp\/v2\/product_cat?post=9436"},{"taxonomy":"product_tag","embeddable":true,"href":"https:\/\/divainers.com\/fi\/wp-json\/wp\/v2\/product_tag?post=9436"}],"curies":[{"name":"wp","href":"https:\/\/api.w.org\/{rel}","templated":true}]}}