{"id":1028,"date":"2025-01-31T08:33:18","date_gmt":"2025-01-31T07:33:18","guid":{"rendered":"https:\/\/divainers.com\/producto\/divain-310\/"},"modified":"2026-03-16T16:08:14","modified_gmt":"2026-03-16T15:08:14","slug":"divain-310","status":"publish","type":"product","link":"https:\/\/divainers.com\/fr\/producto\/divain-310\/","title":{"rendered":"divain.310"},"content":{"rendered":"<p>Una fragancia intensa y sofisticada con una mezcla c\u00e1lida y especiada. Se abre con una salida dulce y picante, donde el tabaco y la canela se entrelazan para crear un inicio envolvente. En el coraz\u00f3n, la vainilla y el incienso aportan profundidad y una sensaci\u00f3n ligeramente ahumada, mientras que las notas amaderadas y el almizcle en la base refuerzan su car\u00e1cter elegante y seductor. Es un aroma refinado y poderoso, ideal para climas fr\u00edos y ocasiones especiales.<\/p>\n","protected":false},"excerpt":{"rendered":"<p>Recuerda a Herod de Parfums de Marly<\/p>\n","protected":false},"featured_media":3771,"comment_status":"open","ping_status":"closed","template":"","meta":[],"product_brand":[],"product_cat":[831],"product_tag":[1344],"class_list":{"0":"post-1028","1":"product","2":"type-product","3":"status-publish","4":"has-post-thumbnail","6":"product_cat-parfums-de-marly","7":"product_tag-miehet","9":"first","10":"instock","11":"shipping-taxable","12":"product-type-simple"},"_links":{"self":[{"href":"https:\/\/divainers.com\/fr\/wp-json\/wp\/v2\/product\/1028","targetHints":{"allow":["GET"]}}],"collection":[{"href":"https:\/\/divainers.com\/fr\/wp-json\/wp\/v2\/product"}],"about":[{"href":"https:\/\/divainers.com\/fr\/wp-json\/wp\/v2\/types\/product"}],"replies":[{"embeddable":true,"href":"https:\/\/divainers.com\/fr\/wp-json\/wp\/v2\/comments?post=1028"}],"wp:featuredmedia":[{"embeddable":true,"href":"https:\/\/divainers.com\/fr\/wp-json\/wp\/v2\/media\/3771"}],"wp:attachment":[{"href":"https:\/\/divainers.com\/fr\/wp-json\/wp\/v2\/media?parent=1028"}],"wp:term":[{"taxonomy":"product_brand","embeddable":true,"href":"https:\/\/divainers.com\/fr\/wp-json\/wp\/v2\/product_brand?post=1028"},{"taxonomy":"product_cat","embeddable":true,"href":"https:\/\/divainers.com\/fr\/wp-json\/wp\/v2\/product_cat?post=1028"},{"taxonomy":"product_tag","embeddable":true,"href":"https:\/\/divainers.com\/fr\/wp-json\/wp\/v2\/product_tag?post=1028"}],"curies":[{"name":"wp","href":"https:\/\/api.w.org\/{rel}","templated":true}]}}