{"id":1171,"date":"2025-01-31T08:33:35","date_gmt":"2025-01-31T07:33:35","guid":{"rendered":"https:\/\/divainers.com\/producto\/divain-716\/"},"modified":"2026-04-30T16:12:26","modified_gmt":"2026-04-30T14:12:26","slug":"divain-716","status":"publish","type":"product","link":"https:\/\/divainers.com\/fr\/producto\/divain-716\/","title":{"rendered":"divain.716"},"content":{"rendered":"<p>To je cvjetno-vo\u0107ni miris koji prenosi osje\u0107aj svje\u017eine i romantike. U otvaranju, vo\u0107ne note naran\u010de i crne ribizle pru\u017eaju so\u010dan i energiziraju\u0107i dojam. Cvjetno srce ru\u017ee i bo\u017eura donosi \u017eenstveni i elegantni dodir, dok baza od mo\u0161usa i vanilije daje mekan i topao zavr\u0161etak. To je miris koji odra\u017eava nje\u017enost i slatko\u0107u, savr\u0161en za one koji tra\u017ee ne\u0161to svje\u017ee i pristupa\u010dno, ali s toplom i obavijaju\u0107om osnovom.<\/p>\n","protected":false},"excerpt":{"rendered":"<p>Podsje\u0107a na Love Me od Tous<\/p>\n","protected":false},"featured_media":15677,"comment_status":"open","ping_status":"closed","template":"","meta":[],"product_brand":[],"product_cat":[4521],"product_tag":[1434],"class_list":{"0":"post-1171","1":"product","2":"type-product","3":"status-publish","4":"has-post-thumbnail","6":"product_cat-tous","7":"product_tag-zene","9":"first","10":"instock","11":"shipping-taxable","12":"product-type-simple"},"_links":{"self":[{"href":"https:\/\/divainers.com\/fr\/wp-json\/wp\/v2\/product\/1171","targetHints":{"allow":["GET"]}}],"collection":[{"href":"https:\/\/divainers.com\/fr\/wp-json\/wp\/v2\/product"}],"about":[{"href":"https:\/\/divainers.com\/fr\/wp-json\/wp\/v2\/types\/product"}],"replies":[{"embeddable":true,"href":"https:\/\/divainers.com\/fr\/wp-json\/wp\/v2\/comments?post=1171"}],"wp:featuredmedia":[{"embeddable":true,"href":"https:\/\/divainers.com\/fr\/wp-json\/wp\/v2\/media\/15677"}],"wp:attachment":[{"href":"https:\/\/divainers.com\/fr\/wp-json\/wp\/v2\/media?parent=1171"}],"wp:term":[{"taxonomy":"product_brand","embeddable":true,"href":"https:\/\/divainers.com\/fr\/wp-json\/wp\/v2\/product_brand?post=1171"},{"taxonomy":"product_cat","embeddable":true,"href":"https:\/\/divainers.com\/fr\/wp-json\/wp\/v2\/product_cat?post=1171"},{"taxonomy":"product_tag","embeddable":true,"href":"https:\/\/divainers.com\/fr\/wp-json\/wp\/v2\/product_tag?post=1171"}],"curies":[{"name":"wp","href":"https:\/\/api.w.org\/{rel}","templated":true}]}}