{"id":11736,"date":"2025-01-31T08:33:27","date_gmt":"2025-01-31T07:33:27","guid":{"rendered":"https:\/\/divainers.com\/producto\/divain-903\/"},"modified":"2026-04-30T10:53:14","modified_gmt":"2026-04-30T08:53:14","slug":"divain-903","status":"publish","type":"product","link":"https:\/\/divainers.com\/fr\/producto\/divain-903\/","title":{"rendered":"divain.903"},"content":{"rendered":"<p>Un parfum charmant et d\u00e9licat qui \u00e9voque la puret\u00e9 de l&rsquo;enfance avec un m\u00e9lange frais et doux d&rsquo;agrumes \u00e9clatants et de notes florales d\u00e9licates. L&rsquo;ouverture est un soupir de citron et d&rsquo;oranges douces, \u00e9veillant instantan\u00e9ment les sens avec une vitalit\u00e9 juv\u00e9nile. Au fil du d\u00e9veloppement, les notes de fleur d&rsquo;oranger et de jasmin ajoutent une touche chaleureuse et d\u00e9licate, tandis que la base d&rsquo;amande et de vanille enveloppe le parfum d&rsquo;une douceur r\u00e9confortante, laissant une tra\u00een\u00e9e douce et l\u00e9g\u00e8rement cr\u00e9meuse. Ce parfum est parfait pour ceux qui recherchent une fragrance l\u00e9g\u00e8re, fra\u00eeche et tendre, refl\u00e9tant l&rsquo;innocence et la joie des premiers instants, cr\u00e9ant une sensation de chaleur et de fra\u00eecheur qui perdure tout au long de la journ\u00e9e.<\/p>\n","protected":false},"excerpt":{"rendered":"<p>Rappelle Ptisenbon de Tartine et Chocolat<\/p>\n","protected":false},"featured_media":3193,"comment_status":"open","ping_status":"closed","template":"","meta":[],"product_brand":[],"product_cat":[3448],"product_tag":[2323],"class_list":{"0":"post-11736","1":"product","2":"type-product","3":"status-publish","4":"has-post-thumbnail","6":"product_cat-tartine-et-chocolat","7":"product_tag-ninos-y-ninas","9":"first","10":"instock","11":"shipping-taxable","12":"product-type-simple"},"_links":{"self":[{"href":"https:\/\/divainers.com\/fr\/wp-json\/wp\/v2\/product\/11736","targetHints":{"allow":["GET"]}}],"collection":[{"href":"https:\/\/divainers.com\/fr\/wp-json\/wp\/v2\/product"}],"about":[{"href":"https:\/\/divainers.com\/fr\/wp-json\/wp\/v2\/types\/product"}],"replies":[{"embeddable":true,"href":"https:\/\/divainers.com\/fr\/wp-json\/wp\/v2\/comments?post=11736"}],"wp:featuredmedia":[{"embeddable":true,"href":"https:\/\/divainers.com\/fr\/wp-json\/wp\/v2\/media\/3193"}],"wp:attachment":[{"href":"https:\/\/divainers.com\/fr\/wp-json\/wp\/v2\/media?parent=11736"}],"wp:term":[{"taxonomy":"product_brand","embeddable":true,"href":"https:\/\/divainers.com\/fr\/wp-json\/wp\/v2\/product_brand?post=11736"},{"taxonomy":"product_cat","embeddable":true,"href":"https:\/\/divainers.com\/fr\/wp-json\/wp\/v2\/product_cat?post=11736"},{"taxonomy":"product_tag","embeddable":true,"href":"https:\/\/divainers.com\/fr\/wp-json\/wp\/v2\/product_tag?post=11736"}],"curies":[{"name":"wp","href":"https:\/\/api.w.org\/{rel}","templated":true}]}}