{"id":11779,"date":"2025-01-31T08:33:27","date_gmt":"2025-01-31T07:33:27","guid":{"rendered":"https:\/\/divainers.com\/producto\/divain-781\/"},"modified":"2026-04-30T10:53:26","modified_gmt":"2026-04-30T08:53:26","slug":"divain-781","status":"publish","type":"product","link":"https:\/\/divainers.com\/fr\/producto\/divain-781\/","title":{"rendered":"divain.781"},"content":{"rendered":"<p>Cette fragrance unisexe s&rsquo;ouvre sur une note \u00e9pic\u00e9e et citronn\u00e9e, o\u00f9 coriandre et cumin se m\u00ealent \u00e0 des notes fra\u00eeches, cr\u00e9ant une sensation de chaleur et de sophistication. Au c\u0153ur, le c\u00e8dre et le jasmin apportent une \u00e9l\u00e9gance bois\u00e9e et florale, \u00e9voquant la s\u00e9r\u00e9nit\u00e9 des paysages d\u00e9sertiques. La base de patchouli, ambre gris et r\u00e9sines ajoute une profondeur balsamique et terreuse, refl\u00e9tant la richesse naturelle du Maghreb. Pr\u00e9sent\u00e9e dans une luxueuse concentration d\u2019extrait de parfum, cette composition offre une exp\u00e9rience sensorielle unique qui capture l\u2019essence du d\u00e9sert.<\/p>\n","protected":false},"excerpt":{"rendered":"<p>Rappelle Au Coeur du D\u00e9sert de Tauer<\/p>\n","protected":false},"featured_media":11775,"comment_status":"open","ping_status":"closed","template":"","meta":[],"product_brand":[],"product_cat":[3470],"product_tag":[1404],"class_list":{"0":"post-11779","1":"product","2":"type-product","3":"status-publish","4":"has-post-thumbnail","6":"product_cat-tauer","7":"product_tag-unisex","9":"first","10":"instock","11":"shipping-taxable","12":"product-type-simple"},"_links":{"self":[{"href":"https:\/\/divainers.com\/fr\/wp-json\/wp\/v2\/product\/11779","targetHints":{"allow":["GET"]}}],"collection":[{"href":"https:\/\/divainers.com\/fr\/wp-json\/wp\/v2\/product"}],"about":[{"href":"https:\/\/divainers.com\/fr\/wp-json\/wp\/v2\/types\/product"}],"replies":[{"embeddable":true,"href":"https:\/\/divainers.com\/fr\/wp-json\/wp\/v2\/comments?post=11779"}],"wp:featuredmedia":[{"embeddable":true,"href":"https:\/\/divainers.com\/fr\/wp-json\/wp\/v2\/media\/11775"}],"wp:attachment":[{"href":"https:\/\/divainers.com\/fr\/wp-json\/wp\/v2\/media?parent=11779"}],"wp:term":[{"taxonomy":"product_brand","embeddable":true,"href":"https:\/\/divainers.com\/fr\/wp-json\/wp\/v2\/product_brand?post=11779"},{"taxonomy":"product_cat","embeddable":true,"href":"https:\/\/divainers.com\/fr\/wp-json\/wp\/v2\/product_cat?post=11779"},{"taxonomy":"product_tag","embeddable":true,"href":"https:\/\/divainers.com\/fr\/wp-json\/wp\/v2\/product_tag?post=11779"}],"curies":[{"name":"wp","href":"https:\/\/api.w.org\/{rel}","templated":true}]}}