{"id":1192,"date":"2025-01-31T08:33:38","date_gmt":"2025-01-31T07:33:38","guid":{"rendered":"https:\/\/divainers.com\/producto\/divain-511\/"},"modified":"2026-04-30T16:07:24","modified_gmt":"2026-04-30T14:07:24","slug":"divain-511","status":"publish","type":"product","link":"https:\/\/divainers.com\/fr\/producto\/divain-511\/","title":{"rendered":"divain.511"},"content":{"rendered":"<p>Vibrantan i odva\u017ean miris koji hvata energiju i dualnost moderne \u017eenstvenosti. Od otvaranja, blistav eksploziv limuna, kumkvata i zvjezdaste jabuke budi osjetila so\u010dnom i svijetlom svje\u017einom. U srcu, nje\u017eni buket cvijeta naran\u010de, ru\u017ee i jasmina spaja se sa za\u010dinjenim notama pa\u010dulija i mo\u0161usa, donose\u0107i dubinu i senzualnost. Na kraju, topla baza od jantara, mo\u0161usa i egzoti\u010dnog drve\u0107a ostavlja obavijaju\u0107i, sofisticirani i dugotrajni trag. Dinami\u010dan i zavodljiv parfem, idealan za one koji tra\u017ee svje\u017eu, \u017eenstvenu i miris s vibrantnim i nezaboravnim karakterom.<\/p>\n","protected":false},"excerpt":{"rendered":"<p>Podsje\u0107a na Versus od Versace<\/p>\n","protected":false},"featured_media":15506,"comment_status":"open","ping_status":"closed","template":"","meta":[],"product_brand":[],"product_cat":[1750],"product_tag":[1434],"class_list":{"0":"post-1192","1":"product","2":"type-product","3":"status-publish","4":"has-post-thumbnail","6":"product_cat-versace","7":"product_tag-zene","9":"first","10":"instock","11":"shipping-taxable","12":"product-type-simple"},"_links":{"self":[{"href":"https:\/\/divainers.com\/fr\/wp-json\/wp\/v2\/product\/1192","targetHints":{"allow":["GET"]}}],"collection":[{"href":"https:\/\/divainers.com\/fr\/wp-json\/wp\/v2\/product"}],"about":[{"href":"https:\/\/divainers.com\/fr\/wp-json\/wp\/v2\/types\/product"}],"replies":[{"embeddable":true,"href":"https:\/\/divainers.com\/fr\/wp-json\/wp\/v2\/comments?post=1192"}],"wp:featuredmedia":[{"embeddable":true,"href":"https:\/\/divainers.com\/fr\/wp-json\/wp\/v2\/media\/15506"}],"wp:attachment":[{"href":"https:\/\/divainers.com\/fr\/wp-json\/wp\/v2\/media?parent=1192"}],"wp:term":[{"taxonomy":"product_brand","embeddable":true,"href":"https:\/\/divainers.com\/fr\/wp-json\/wp\/v2\/product_brand?post=1192"},{"taxonomy":"product_cat","embeddable":true,"href":"https:\/\/divainers.com\/fr\/wp-json\/wp\/v2\/product_cat?post=1192"},{"taxonomy":"product_tag","embeddable":true,"href":"https:\/\/divainers.com\/fr\/wp-json\/wp\/v2\/product_tag?post=1192"}],"curies":[{"name":"wp","href":"https:\/\/api.w.org\/{rel}","templated":true}]}}