{"id":1214,"date":"2025-01-31T08:33:40","date_gmt":"2025-01-31T07:33:40","guid":{"rendered":"https:\/\/divainers.com\/producto\/divain-084\/"},"modified":"2026-04-30T15:53:31","modified_gmt":"2026-04-30T13:53:31","slug":"divain-084","status":"publish","type":"product","link":"https:\/\/divainers.com\/fr\/producto\/divain-084\/","title":{"rendered":"divain.084"},"content":{"rendered":"<p>Romanti\u010dan i sofisticiran miris koji hvata bit bezvremenske elegancije. Njegov vibrantni po\u010detak od damask ru\u017ee i bergamota donosi cvjetnu i svijetlu svje\u017einu. U srcu, ljubi\u010dica i ljiljan dolina obavijaju miris nje\u017enom i zavodljivom \u017eenstveno\u0161\u0107u. U bazi, sandalovina, hrastova mahovina i mo\u0161us stvaraju toplu i profinjenu notu, savr\u0161enu za klasi\u010dnu, strastvenu \u017eenu s neodoljivim \u0161armom.<\/p>\n","protected":false},"excerpt":{"rendered":"<p>Podsje\u0107a na Paris od Yves Saint Laurent<\/p>\n","protected":false},"featured_media":15097,"comment_status":"open","ping_status":"closed","template":"","meta":[],"product_brand":[],"product_cat":[2251],"product_tag":[1420],"class_list":{"0":"post-1214","1":"product","2":"type-product","3":"status-publish","4":"has-post-thumbnail","6":"product_cat-yves-saint-laurent","7":"product_tag-frauen","9":"first","10":"instock","11":"shipping-taxable","12":"product-type-simple"},"_links":{"self":[{"href":"https:\/\/divainers.com\/fr\/wp-json\/wp\/v2\/product\/1214","targetHints":{"allow":["GET"]}}],"collection":[{"href":"https:\/\/divainers.com\/fr\/wp-json\/wp\/v2\/product"}],"about":[{"href":"https:\/\/divainers.com\/fr\/wp-json\/wp\/v2\/types\/product"}],"replies":[{"embeddable":true,"href":"https:\/\/divainers.com\/fr\/wp-json\/wp\/v2\/comments?post=1214"}],"wp:featuredmedia":[{"embeddable":true,"href":"https:\/\/divainers.com\/fr\/wp-json\/wp\/v2\/media\/15097"}],"wp:attachment":[{"href":"https:\/\/divainers.com\/fr\/wp-json\/wp\/v2\/media?parent=1214"}],"wp:term":[{"taxonomy":"product_brand","embeddable":true,"href":"https:\/\/divainers.com\/fr\/wp-json\/wp\/v2\/product_brand?post=1214"},{"taxonomy":"product_cat","embeddable":true,"href":"https:\/\/divainers.com\/fr\/wp-json\/wp\/v2\/product_cat?post=1214"},{"taxonomy":"product_tag","embeddable":true,"href":"https:\/\/divainers.com\/fr\/wp-json\/wp\/v2\/product_tag?post=1214"}],"curies":[{"name":"wp","href":"https:\/\/api.w.org\/{rel}","templated":true}]}}