{"id":13435,"date":"2025-01-31T08:33:35","date_gmt":"2025-01-31T07:33:35","guid":{"rendered":"https:\/\/divainers.com\/producto\/divain-092\/"},"modified":"2026-04-30T11:03:35","modified_gmt":"2026-04-30T09:03:35","slug":"divain-092","status":"publish","type":"product","link":"https:\/\/divainers.com\/fr\/producto\/divain-092\/","title":{"rendered":"divain.092"},"content":{"rendered":"<p>Un parfum frais et vibrant qui capture l\u2019essence de la jeunesse et de la libert\u00e9. Son ouverture p\u00e9tillante de pomme, cassis et mandarine apporte une \u00e9nergie lumineuse et rafra\u00eechissante. Au c\u0153ur, la combinaison de rose, lys et ch\u00e8vrefeuille enveloppe la fragrance d\u2019une f\u00e9minit\u00e9 douce et naturelle. En fond, le bois de santal et le c\u00e8dre cr\u00e9ent une tra\u00een\u00e9e chaude et l\u00e9g\u00e8re, parfaite pour la femme spontan\u00e9e, optimiste et au esprit libre qui savoure chaque instant.<\/p>\n","protected":false},"excerpt":{"rendered":"<p>Rappelle Tommy Girl de Tommy Hilfiger<\/p>\n","protected":false},"featured_media":13426,"comment_status":"open","ping_status":"closed","template":"","meta":[],"product_brand":[],"product_cat":[4283],"product_tag":[1424],"class_list":{"0":"post-13435","1":"product","2":"type-product","3":"status-publish","4":"has-post-thumbnail","6":"product_cat-tommy-hilfiger","7":"product_tag-femmes","9":"first","10":"instock","11":"shipping-taxable","12":"product-type-simple"},"_links":{"self":[{"href":"https:\/\/divainers.com\/fr\/wp-json\/wp\/v2\/product\/13435","targetHints":{"allow":["GET"]}}],"collection":[{"href":"https:\/\/divainers.com\/fr\/wp-json\/wp\/v2\/product"}],"about":[{"href":"https:\/\/divainers.com\/fr\/wp-json\/wp\/v2\/types\/product"}],"replies":[{"embeddable":true,"href":"https:\/\/divainers.com\/fr\/wp-json\/wp\/v2\/comments?post=13435"}],"wp:featuredmedia":[{"embeddable":true,"href":"https:\/\/divainers.com\/fr\/wp-json\/wp\/v2\/media\/13426"}],"wp:attachment":[{"href":"https:\/\/divainers.com\/fr\/wp-json\/wp\/v2\/media?parent=13435"}],"wp:term":[{"taxonomy":"product_brand","embeddable":true,"href":"https:\/\/divainers.com\/fr\/wp-json\/wp\/v2\/product_brand?post=13435"},{"taxonomy":"product_cat","embeddable":true,"href":"https:\/\/divainers.com\/fr\/wp-json\/wp\/v2\/product_cat?post=13435"},{"taxonomy":"product_tag","embeddable":true,"href":"https:\/\/divainers.com\/fr\/wp-json\/wp\/v2\/product_tag?post=13435"}],"curies":[{"name":"wp","href":"https:\/\/api.w.org\/{rel}","templated":true}]}}