{"id":13943,"date":"2025-01-31T08:33:35","date_gmt":"2025-01-31T07:33:35","guid":{"rendered":"https:\/\/divainers.com\/producto\/divain-061\/"},"modified":"2026-04-30T11:06:12","modified_gmt":"2026-04-30T09:06:12","slug":"divain-061","status":"publish","type":"product","link":"https:\/\/divainers.com\/fr\/producto\/divain-061\/","title":{"rendered":"divain.061"},"content":{"rendered":"<p>Un parfum doux et \u00e9l\u00e9gant qui transmet fra\u00eecheur et d\u00e9licatesse \u00e0 chaque note. Son ouverture lumineuse de bergamote et de feuilles de violette apporte une touche d\u2019agrumes et de verdure, tandis qu\u2019un c\u0153ur floral de rose, pivoine et jasmin enveloppe la fragrance de f\u00e9minit\u00e9 et de sophistication. En fond, le musc blanc et le c\u00e8dre cr\u00e9ent une tra\u00een\u00e9e chaude et enveloppante, parfaite pour la femme subtile, \u00e9l\u00e9gante et au charme naturel.<\/p>\n","protected":false},"excerpt":{"rendered":"<p>Rappelle Tous de Tous<\/p>\n","protected":false},"featured_media":13941,"comment_status":"open","ping_status":"closed","template":"","meta":[],"product_brand":[],"product_cat":[4528],"product_tag":[1424],"class_list":{"0":"post-13943","1":"product","2":"type-product","3":"status-publish","4":"has-post-thumbnail","6":"product_cat-tous","7":"product_tag-femmes","9":"first","10":"instock","11":"shipping-taxable","12":"product-type-simple"},"_links":{"self":[{"href":"https:\/\/divainers.com\/fr\/wp-json\/wp\/v2\/product\/13943","targetHints":{"allow":["GET"]}}],"collection":[{"href":"https:\/\/divainers.com\/fr\/wp-json\/wp\/v2\/product"}],"about":[{"href":"https:\/\/divainers.com\/fr\/wp-json\/wp\/v2\/types\/product"}],"replies":[{"embeddable":true,"href":"https:\/\/divainers.com\/fr\/wp-json\/wp\/v2\/comments?post=13943"}],"wp:featuredmedia":[{"embeddable":true,"href":"https:\/\/divainers.com\/fr\/wp-json\/wp\/v2\/media\/13941"}],"wp:attachment":[{"href":"https:\/\/divainers.com\/fr\/wp-json\/wp\/v2\/media?parent=13943"}],"wp:term":[{"taxonomy":"product_brand","embeddable":true,"href":"https:\/\/divainers.com\/fr\/wp-json\/wp\/v2\/product_brand?post=13943"},{"taxonomy":"product_cat","embeddable":true,"href":"https:\/\/divainers.com\/fr\/wp-json\/wp\/v2\/product_cat?post=13943"},{"taxonomy":"product_tag","embeddable":true,"href":"https:\/\/divainers.com\/fr\/wp-json\/wp\/v2\/product_tag?post=13943"}],"curies":[{"name":"wp","href":"https:\/\/api.w.org\/{rel}","templated":true}]}}