{"id":346,"date":"2025-01-31T08:31:51","date_gmt":"2025-01-31T07:31:51","guid":{"rendered":"https:\/\/divainers.com\/producto\/divain-225\/"},"modified":"2026-04-30T16:20:49","modified_gmt":"2026-04-30T14:20:49","slug":"divain-225","status":"publish","type":"product","link":"https:\/\/divainers.com\/fr\/producto\/divain-225\/","title":{"rendered":"divain.225"},"content":{"rendered":"<p>\u010cerstv\u00e1 a \u017eiv\u00e1 v\u016fn\u011b, kter\u00e1 zachycuje podstatu svobody a energie. \u00davod je osv\u011b\u017euj\u00edc\u00ed exploze citrus\u016f s t\u00f3ny citronu, bergamotu a rozmar\u00fdnu, kter\u00e9 p\u0159in\u00e1\u0161ej\u00ed okam\u017eit\u00fd pocit sv\u011b\u017eesti. V srdci se kv\u011btinov\u00fd dotek jasm\u00ednu a jemnost r\u016f\u017ee spojuj\u00ed s bylinn\u00fdmi t\u00f3ny, vytv\u00e1\u0159ej\u00edc\u00ed lehkou a rafinovanou sm\u011bs. D\u0159evit\u00fd z\u00e1klad ze santalov\u00e9ho d\u0159eva, vetiveru a pi\u017ema dod\u00e1v\u00e1 tepl\u00fd a dlouhotrvaj\u00edc\u00ed podklad, kter\u00fd p\u0159in\u00e1\u0161\u00ed pocit hloubky a mu\u017enosti. Ide\u00e1ln\u00ed pro aktivn\u00edho a modern\u00edho mu\u017ee, kter\u00fd hled\u00e1 osv\u011b\u017euj\u00edc\u00ed a elegantn\u00ed v\u016fni pro ka\u017ed\u00fd den, perfektn\u00ed pro ka\u017edou p\u0159\u00edle\u017eitost.<\/p>\n","protected":false},"excerpt":{"rendered":"<p>P\u0159ipom\u00edn\u00e1 Azzaro Chrome od Azzaro<\/p>\n","protected":false},"featured_media":15921,"comment_status":"open","ping_status":"closed","template":"","meta":[],"product_brand":[],"product_cat":[1691],"product_tag":[1364],"class_list":{"0":"post-346","1":"product","2":"type-product","3":"status-publish","4":"has-post-thumbnail","6":"product_cat-azzaro","7":"product_tag-menn","9":"first","10":"instock","11":"shipping-taxable","12":"product-type-simple"},"_links":{"self":[{"href":"https:\/\/divainers.com\/fr\/wp-json\/wp\/v2\/product\/346","targetHints":{"allow":["GET"]}}],"collection":[{"href":"https:\/\/divainers.com\/fr\/wp-json\/wp\/v2\/product"}],"about":[{"href":"https:\/\/divainers.com\/fr\/wp-json\/wp\/v2\/types\/product"}],"replies":[{"embeddable":true,"href":"https:\/\/divainers.com\/fr\/wp-json\/wp\/v2\/comments?post=346"}],"wp:featuredmedia":[{"embeddable":true,"href":"https:\/\/divainers.com\/fr\/wp-json\/wp\/v2\/media\/15921"}],"wp:attachment":[{"href":"https:\/\/divainers.com\/fr\/wp-json\/wp\/v2\/media?parent=346"}],"wp:term":[{"taxonomy":"product_brand","embeddable":true,"href":"https:\/\/divainers.com\/fr\/wp-json\/wp\/v2\/product_brand?post=346"},{"taxonomy":"product_cat","embeddable":true,"href":"https:\/\/divainers.com\/fr\/wp-json\/wp\/v2\/product_cat?post=346"},{"taxonomy":"product_tag","embeddable":true,"href":"https:\/\/divainers.com\/fr\/wp-json\/wp\/v2\/product_tag?post=346"}],"curies":[{"name":"wp","href":"https:\/\/api.w.org\/{rel}","templated":true}]}}