{"id":474,"date":"2025-01-31T08:32:08","date_gmt":"2025-01-31T07:32:08","guid":{"rendered":"https:\/\/divainers.com\/producto\/divain-106\/"},"modified":"2026-03-16T16:07:25","modified_gmt":"2026-03-16T15:07:25","slug":"divain-106","status":"publish","type":"product","link":"https:\/\/divainers.com\/fr\/producto\/divain-106\/","title":{"rendered":"divain.106"},"content":{"rendered":"<p>Un aroma ic\u00f3nico y atemporal que encarna la elegancia y la feminidad en su m\u00e1xima expresi\u00f3n. Su apertura luminosa de aldeh\u00eddos y c\u00edtricos aporta un brillo sofisticado y envolvente. En el coraz\u00f3n, la rosa de mayo y el jazm\u00edn envuelven la fragancia en una feminidad cl\u00e1sica y seductora. En el fondo, la vainilla, el s\u00e1ndalo y el vetiver crean una estela c\u00e1lida y envolvente, perfecta para la mujer sofisticada, segura de s\u00ed misma y con un aura inconfundible de glamour y distinci\u00f3n.<\/p>\n","protected":false},"excerpt":{"rendered":"<p>Recuerda a Chanel n\u00ba 5 de Chanel<\/p>\n","protected":false},"featured_media":3363,"comment_status":"open","ping_status":"closed","template":"","meta":[],"product_brand":[],"product_cat":[2132],"product_tag":[1442],"class_list":{"0":"post-474","1":"product","2":"type-product","3":"status-publish","4":"has-post-thumbnail","6":"product_cat-chanel","7":"product_tag-kobiety","9":"first","10":"instock","11":"shipping-taxable","12":"product-type-simple"},"_links":{"self":[{"href":"https:\/\/divainers.com\/fr\/wp-json\/wp\/v2\/product\/474","targetHints":{"allow":["GET"]}}],"collection":[{"href":"https:\/\/divainers.com\/fr\/wp-json\/wp\/v2\/product"}],"about":[{"href":"https:\/\/divainers.com\/fr\/wp-json\/wp\/v2\/types\/product"}],"replies":[{"embeddable":true,"href":"https:\/\/divainers.com\/fr\/wp-json\/wp\/v2\/comments?post=474"}],"wp:featuredmedia":[{"embeddable":true,"href":"https:\/\/divainers.com\/fr\/wp-json\/wp\/v2\/media\/3363"}],"wp:attachment":[{"href":"https:\/\/divainers.com\/fr\/wp-json\/wp\/v2\/media?parent=474"}],"wp:term":[{"taxonomy":"product_brand","embeddable":true,"href":"https:\/\/divainers.com\/fr\/wp-json\/wp\/v2\/product_brand?post=474"},{"taxonomy":"product_cat","embeddable":true,"href":"https:\/\/divainers.com\/fr\/wp-json\/wp\/v2\/product_cat?post=474"},{"taxonomy":"product_tag","embeddable":true,"href":"https:\/\/divainers.com\/fr\/wp-json\/wp\/v2\/product_tag?post=474"}],"curies":[{"name":"wp","href":"https:\/\/api.w.org\/{rel}","templated":true}]}}