{"id":584,"date":"2025-01-31T08:32:20","date_gmt":"2025-01-31T07:32:20","guid":{"rendered":"https:\/\/divainers.com\/producto\/divain-152\/"},"modified":"2026-03-16T16:07:33","modified_gmt":"2026-03-16T15:07:33","slug":"divain-152","status":"publish","type":"product","link":"https:\/\/divainers.com\/fr\/producto\/divain-152\/","title":{"rendered":"divain.152"},"content":{"rendered":"<p>Este aroma es una combinaci\u00f3n vibrante de energ\u00eda y sensualidad, pensado para la mujer audaz y apasionada. Su apertura chispeante de mandarina y pimienta rosa aporta un toque especiado y electrizante. En el coraz\u00f3n, el jazm\u00edn y la nuez moscada despliegan una feminidad envolvente y adictiva. En el fondo, el pachul\u00ed y la vainilla crean una estela c\u00e1lida y misteriosa, perfecta para una mujer con un esp\u00edritu libre, seductor e irresistible.<\/p>\n","protected":false},"excerpt":{"rendered":"<p>Recuerda a Fuel For Life Femme de Diesel<\/p>\n","protected":false},"featured_media":3635,"comment_status":"open","ping_status":"closed","template":"","meta":[],"product_brand":[],"product_cat":[322],"product_tag":[38],"class_list":{"0":"post-584","1":"product","2":"type-product","3":"status-publish","4":"has-post-thumbnail","6":"product_cat-dolce-gabbana","7":"product_tag-mujer","9":"first","10":"instock","11":"shipping-taxable","12":"product-type-simple"},"_links":{"self":[{"href":"https:\/\/divainers.com\/fr\/wp-json\/wp\/v2\/product\/584","targetHints":{"allow":["GET"]}}],"collection":[{"href":"https:\/\/divainers.com\/fr\/wp-json\/wp\/v2\/product"}],"about":[{"href":"https:\/\/divainers.com\/fr\/wp-json\/wp\/v2\/types\/product"}],"replies":[{"embeddable":true,"href":"https:\/\/divainers.com\/fr\/wp-json\/wp\/v2\/comments?post=584"}],"wp:featuredmedia":[{"embeddable":true,"href":"https:\/\/divainers.com\/fr\/wp-json\/wp\/v2\/media\/3635"}],"wp:attachment":[{"href":"https:\/\/divainers.com\/fr\/wp-json\/wp\/v2\/media?parent=584"}],"wp:term":[{"taxonomy":"product_brand","embeddable":true,"href":"https:\/\/divainers.com\/fr\/wp-json\/wp\/v2\/product_brand?post=584"},{"taxonomy":"product_cat","embeddable":true,"href":"https:\/\/divainers.com\/fr\/wp-json\/wp\/v2\/product_cat?post=584"},{"taxonomy":"product_tag","embeddable":true,"href":"https:\/\/divainers.com\/fr\/wp-json\/wp\/v2\/product_tag?post=584"}],"curies":[{"name":"wp","href":"https:\/\/api.w.org\/{rel}","templated":true}]}}