{"id":680,"date":"2025-01-31T08:32:34","date_gmt":"2025-01-31T07:32:34","guid":{"rendered":"https:\/\/divainers.com\/producto\/divain-759\/"},"modified":"2026-03-16T16:07:41","modified_gmt":"2026-03-16T15:07:41","slug":"divain-759","status":"publish","type":"product","link":"https:\/\/divainers.com\/fr\/producto\/divain-759\/","title":{"rendered":"divain.759"},"content":{"rendered":"<p>Es una fragancia luminosa y et\u00e9rea que captura la frescura de un jard\u00edn en plena floraci\u00f3n. Sus notas de salida aportan una sensaci\u00f3n aireada y verde, seguida de un coraz\u00f3n floral dominado por flores blancas radiantes, que evocan una feminidad natural y delicada. En el fondo, toques almizclados y amaderados le otorgan suavidad y profundidad, dejando una estela elegante y ligera, perfecta para quienes buscan un aroma fresco y rom\u00e1ntico.<\/p>\n","protected":false},"excerpt":{"rendered":"<p>Recuerda a Bloom Eau de Toilette de Gucci<\/p>\n","protected":false},"featured_media":3274,"comment_status":"open","ping_status":"closed","template":"","meta":[],"product_brand":[],"product_cat":[426],"product_tag":[1432],"class_list":{"0":"post-680","1":"product","2":"type-product","3":"status-publish","4":"has-post-thumbnail","6":"product_cat-gucci","7":"product_tag-naised","9":"first","10":"instock","11":"shipping-taxable","12":"product-type-simple"},"_links":{"self":[{"href":"https:\/\/divainers.com\/fr\/wp-json\/wp\/v2\/product\/680","targetHints":{"allow":["GET"]}}],"collection":[{"href":"https:\/\/divainers.com\/fr\/wp-json\/wp\/v2\/product"}],"about":[{"href":"https:\/\/divainers.com\/fr\/wp-json\/wp\/v2\/types\/product"}],"replies":[{"embeddable":true,"href":"https:\/\/divainers.com\/fr\/wp-json\/wp\/v2\/comments?post=680"}],"wp:featuredmedia":[{"embeddable":true,"href":"https:\/\/divainers.com\/fr\/wp-json\/wp\/v2\/media\/3274"}],"wp:attachment":[{"href":"https:\/\/divainers.com\/fr\/wp-json\/wp\/v2\/media?parent=680"}],"wp:term":[{"taxonomy":"product_brand","embeddable":true,"href":"https:\/\/divainers.com\/fr\/wp-json\/wp\/v2\/product_brand?post=680"},{"taxonomy":"product_cat","embeddable":true,"href":"https:\/\/divainers.com\/fr\/wp-json\/wp\/v2\/product_cat?post=680"},{"taxonomy":"product_tag","embeddable":true,"href":"https:\/\/divainers.com\/fr\/wp-json\/wp\/v2\/product_tag?post=680"}],"curies":[{"name":"wp","href":"https:\/\/api.w.org\/{rel}","templated":true}]}}