{"id":6967,"date":"2025-01-31T08:31:48","date_gmt":"2025-01-31T07:31:48","guid":{"rendered":"https:\/\/divainers.com\/producto\/divain-205\/"},"modified":"2026-03-26T14:15:48","modified_gmt":"2026-03-26T13:15:48","slug":"divain-205","status":"publish","type":"product","link":"https:\/\/divainers.com\/fr\/producto\/divain-205\/","title":{"rendered":"divain.205"},"content":{"rendered":"<p><span data-sheets-root=\"1\">Un parfum vibrant et magn\u00e9tique qui d\u00e9gage confiance et jeunesse \u00e0 chaque note. Son ouverture fra\u00eeche et stimulante m\u00e9lange citron, orange et cardamome, cr\u00e9ant une explosion d\u2019agrumes pleine d\u2019\u00e9nergie. Au c\u0153ur, la lavande et le romarin apportent une touche aromatique propre et masculine, tandis que la base bois\u00e9e musqu\u00e9e, v\u00e9tiver et mousse de ch\u00eane ajoute profondeur et sensualit\u00e9. Parfait pour ceux qui recherchent un parfum frais, audacieux et s\u00e9duisant, id\u00e9al pour un usage quotidien ou pour laisser une impression inoubliable.   <\/span><\/p>\n","protected":false},"excerpt":{"rendered":"<p>Souvenez-vous de Fierce d\u2019Abercrombie &amp; Fitch<\/p>\n","protected":false},"featured_media":3374,"comment_status":"open","ping_status":"closed","template":"","meta":[],"product_brand":[],"product_cat":[1319],"product_tag":[1332],"class_list":{"0":"post-6967","1":"product","2":"type-product","3":"status-publish","4":"has-post-thumbnail","6":"product_cat-abercrombie-fitch","7":"product_tag-uomo","9":"first","10":"instock","11":"shipping-taxable","12":"product-type-simple"},"_links":{"self":[{"href":"https:\/\/divainers.com\/fr\/wp-json\/wp\/v2\/product\/6967","targetHints":{"allow":["GET"]}}],"collection":[{"href":"https:\/\/divainers.com\/fr\/wp-json\/wp\/v2\/product"}],"about":[{"href":"https:\/\/divainers.com\/fr\/wp-json\/wp\/v2\/types\/product"}],"replies":[{"embeddable":true,"href":"https:\/\/divainers.com\/fr\/wp-json\/wp\/v2\/comments?post=6967"}],"wp:featuredmedia":[{"embeddable":true,"href":"https:\/\/divainers.com\/fr\/wp-json\/wp\/v2\/media\/3374"}],"wp:attachment":[{"href":"https:\/\/divainers.com\/fr\/wp-json\/wp\/v2\/media?parent=6967"}],"wp:term":[{"taxonomy":"product_brand","embeddable":true,"href":"https:\/\/divainers.com\/fr\/wp-json\/wp\/v2\/product_brand?post=6967"},{"taxonomy":"product_cat","embeddable":true,"href":"https:\/\/divainers.com\/fr\/wp-json\/wp\/v2\/product_cat?post=6967"},{"taxonomy":"product_tag","embeddable":true,"href":"https:\/\/divainers.com\/fr\/wp-json\/wp\/v2\/product_tag?post=6967"}],"curies":[{"name":"wp","href":"https:\/\/api.w.org\/{rel}","templated":true}]}}