{"id":6987,"date":"2025-01-31T08:31:48","date_gmt":"2025-01-31T07:31:48","guid":{"rendered":"https:\/\/divainers.com\/producto\/divain-320\/"},"modified":"2026-04-30T09:42:49","modified_gmt":"2026-04-30T07:42:49","slug":"divain-320","status":"publish","type":"product","link":"https:\/\/divainers.com\/fr\/producto\/divain-320\/","title":{"rendered":"divain.320"},"content":{"rendered":"<p>Un parfum vibrant et masculin avec une ouverture fra\u00eeche et fruit\u00e9e gr\u00e2ce \u00e0 la bergamote et \u00e0 la pomme verte, combin\u00e9es \u00e0 une touche \u00e9pic\u00e9e de cardamome. Au c\u0153ur, des notes aromatiques de lavande et de romarin apportent un caract\u00e8re propre et moderne, tandis que la base devient plus chaude et enveloppante avec l&rsquo;ambre, la f\u00e8ve tonka et des bois profonds, cr\u00e9ant un parfum \u00e9quilibr\u00e9 entre fra\u00eecheur et sensualit\u00e9, id\u00e9al pour le quotidien.<\/p>\n","protected":false},"excerpt":{"rendered":"<p>Rappelle First Instinct Blue de Abercrombie &#038; Fitch<\/p>\n","protected":false},"featured_media":6991,"comment_status":"open","ping_status":"closed","template":"","meta":[],"product_brand":[],"product_cat":[1319],"product_tag":[1343],"class_list":{"0":"post-6987","1":"product","2":"type-product","3":"status-publish","4":"has-post-thumbnail","6":"product_cat-abercrombie-fitch","7":"product_tag-hommes","9":"first","10":"instock","11":"shipping-taxable","12":"product-type-simple"},"_links":{"self":[{"href":"https:\/\/divainers.com\/fr\/wp-json\/wp\/v2\/product\/6987","targetHints":{"allow":["GET"]}}],"collection":[{"href":"https:\/\/divainers.com\/fr\/wp-json\/wp\/v2\/product"}],"about":[{"href":"https:\/\/divainers.com\/fr\/wp-json\/wp\/v2\/types\/product"}],"replies":[{"embeddable":true,"href":"https:\/\/divainers.com\/fr\/wp-json\/wp\/v2\/comments?post=6987"}],"wp:featuredmedia":[{"embeddable":true,"href":"https:\/\/divainers.com\/fr\/wp-json\/wp\/v2\/media\/6991"}],"wp:attachment":[{"href":"https:\/\/divainers.com\/fr\/wp-json\/wp\/v2\/media?parent=6987"}],"wp:term":[{"taxonomy":"product_brand","embeddable":true,"href":"https:\/\/divainers.com\/fr\/wp-json\/wp\/v2\/product_brand?post=6987"},{"taxonomy":"product_cat","embeddable":true,"href":"https:\/\/divainers.com\/fr\/wp-json\/wp\/v2\/product_cat?post=6987"},{"taxonomy":"product_tag","embeddable":true,"href":"https:\/\/divainers.com\/fr\/wp-json\/wp\/v2\/product_tag?post=6987"}],"curies":[{"name":"wp","href":"https:\/\/api.w.org\/{rel}","templated":true}]}}