{"id":7102,"date":"2025-01-31T08:31:49","date_gmt":"2025-01-31T07:31:49","guid":{"rendered":"https:\/\/divainers.com\/producto\/divain-770\/"},"modified":"2026-04-30T09:43:23","modified_gmt":"2026-04-30T07:43:23","slug":"divain-770","status":"publish","type":"product","link":"https:\/\/divainers.com\/fr\/producto\/divain-770\/","title":{"rendered":"divain.770"},"content":{"rendered":"<p>Ce parfum unisexe s\u2019ouvre sur un m\u00e9lange de notes d\u2019agrumes et d\u2019\u00e9pices, o\u00f9 la bergamote de Calabre et la mandarine jaune apportent fra\u00eecheur, tandis que le poivre rose ajoute une touche subtile et intrigante. Au c\u0153ur, la fleur de cerisier et le jasmin sambac s\u2019entrelacent, \u00e9voquant la s\u00e9r\u00e9nit\u00e9 et la beaut\u00e9 des jardins japonais en fleurs. La base musqu\u00e9e offre une douceur chaude et sensuelle, prolongeant l\u2019exp\u00e9rience olfactive sur la peau. Ce parfum capture l\u2019essence du printemps japonais, offrant une sensation de fra\u00eecheur et d\u2019\u00e9l\u00e9gance \u00e0 chaque application.<\/p>\n","protected":false},"excerpt":{"rendered":"<p>Rappelle Sakura EDP de Acqua di Parma<\/p>\n","protected":false},"featured_media":7104,"comment_status":"open","ping_status":"closed","template":"","meta":[],"product_brand":[],"product_cat":[1398],"product_tag":[1404],"class_list":{"0":"post-7102","1":"product","2":"type-product","3":"status-publish","4":"has-post-thumbnail","6":"product_cat-acqua-di-parma","7":"product_tag-unisex","9":"first","10":"instock","11":"shipping-taxable","12":"product-type-simple"},"_links":{"self":[{"href":"https:\/\/divainers.com\/fr\/wp-json\/wp\/v2\/product\/7102","targetHints":{"allow":["GET"]}}],"collection":[{"href":"https:\/\/divainers.com\/fr\/wp-json\/wp\/v2\/product"}],"about":[{"href":"https:\/\/divainers.com\/fr\/wp-json\/wp\/v2\/types\/product"}],"replies":[{"embeddable":true,"href":"https:\/\/divainers.com\/fr\/wp-json\/wp\/v2\/comments?post=7102"}],"wp:featuredmedia":[{"embeddable":true,"href":"https:\/\/divainers.com\/fr\/wp-json\/wp\/v2\/media\/7104"}],"wp:attachment":[{"href":"https:\/\/divainers.com\/fr\/wp-json\/wp\/v2\/media?parent=7102"}],"wp:term":[{"taxonomy":"product_brand","embeddable":true,"href":"https:\/\/divainers.com\/fr\/wp-json\/wp\/v2\/product_brand?post=7102"},{"taxonomy":"product_cat","embeddable":true,"href":"https:\/\/divainers.com\/fr\/wp-json\/wp\/v2\/product_cat?post=7102"},{"taxonomy":"product_tag","embeddable":true,"href":"https:\/\/divainers.com\/fr\/wp-json\/wp\/v2\/product_tag?post=7102"}],"curies":[{"name":"wp","href":"https:\/\/api.w.org\/{rel}","templated":true}]}}