{"id":712,"date":"2025-01-31T08:32:37","date_gmt":"2025-01-31T07:32:37","guid":{"rendered":"https:\/\/divainers.com\/producto\/divain-024\/"},"modified":"2026-03-16T16:07:44","modified_gmt":"2026-03-16T15:07:44","slug":"divain-024","status":"publish","type":"product","link":"https:\/\/divainers.com\/fr\/producto\/divain-024\/","title":{"rendered":"divain.024"},"content":{"rendered":"<p>Un aroma vibrante y desenfadado que desprende energ\u00eda y carisma natural. Su apertura chispeante de manzana roja y cilantro aporta frescura y dinamismo, mientras un coraz\u00f3n especiado de incienso y pimienta envuelve con un toque c\u00e1lido y magn\u00e9tico. En el fondo, la vainilla y la madera de bubinga crean una estela suave y envolvente, perfecta para el hombre espont\u00e1neo, optimista y seguro de s\u00ed mismo.<\/p>\n","protected":false},"excerpt":{"rendered":"<p>Recuerda a Boss Orange Man de Hugo Boss<\/p>\n","protected":false},"featured_media":3508,"comment_status":"open","ping_status":"closed","template":"","meta":[],"product_brand":[],"product_cat":[469],"product_tag":[1343],"class_list":{"0":"post-712","1":"product","2":"type-product","3":"status-publish","4":"has-post-thumbnail","6":"product_cat-hugo-boss","7":"product_tag-hommes","9":"first","10":"instock","11":"shipping-taxable","12":"product-type-simple"},"_links":{"self":[{"href":"https:\/\/divainers.com\/fr\/wp-json\/wp\/v2\/product\/712","targetHints":{"allow":["GET"]}}],"collection":[{"href":"https:\/\/divainers.com\/fr\/wp-json\/wp\/v2\/product"}],"about":[{"href":"https:\/\/divainers.com\/fr\/wp-json\/wp\/v2\/types\/product"}],"replies":[{"embeddable":true,"href":"https:\/\/divainers.com\/fr\/wp-json\/wp\/v2\/comments?post=712"}],"wp:featuredmedia":[{"embeddable":true,"href":"https:\/\/divainers.com\/fr\/wp-json\/wp\/v2\/media\/3508"}],"wp:attachment":[{"href":"https:\/\/divainers.com\/fr\/wp-json\/wp\/v2\/media?parent=712"}],"wp:term":[{"taxonomy":"product_brand","embeddable":true,"href":"https:\/\/divainers.com\/fr\/wp-json\/wp\/v2\/product_brand?post=712"},{"taxonomy":"product_cat","embeddable":true,"href":"https:\/\/divainers.com\/fr\/wp-json\/wp\/v2\/product_cat?post=712"},{"taxonomy":"product_tag","embeddable":true,"href":"https:\/\/divainers.com\/fr\/wp-json\/wp\/v2\/product_tag?post=712"}],"curies":[{"name":"wp","href":"https:\/\/api.w.org\/{rel}","templated":true}]}}