{"id":7136,"date":"2025-01-31T08:31:49","date_gmt":"2025-01-31T07:31:49","guid":{"rendered":"https:\/\/divainers.com\/producto\/divain-318\/"},"modified":"2026-04-30T09:43:35","modified_gmt":"2026-04-30T07:43:35","slug":"divain-318","status":"publish","type":"product","link":"https:\/\/divainers.com\/fr\/producto\/divain-318\/","title":{"rendered":"divain.318"},"content":{"rendered":"<p>Un parfum intense et sophistiqu\u00e9 qui marie la profondeur de l\u2019oud \u00e0 l\u2019\u00e9l\u00e9gance des agrumes italiens. Son ouverture fra\u00eeche et lumineuse laisse place \u00e0 un c\u0153ur \u00e9pic\u00e9 et bois\u00e9, o\u00f9 l\u2019oud s\u2019entrelace avec des notes balsamiques et chaleureuses. La base est riche et enveloppante, avec des touches de cuir et de r\u00e9sines qui apportent une sensation de luxe raffin\u00e9. Parfait pour ceux qui recherchent un parfum distinctif, avec du caract\u00e8re et de la sophistication.<\/p>\n","protected":false},"excerpt":{"rendered":"<p>Rappelle Oud Eau de Cologne Concentr\u00e9e de Acqua di Parma<\/p>\n","protected":false},"featured_media":7139,"comment_status":"open","ping_status":"closed","template":"","meta":[],"product_brand":[],"product_cat":[1398],"product_tag":[1343],"class_list":{"0":"post-7136","1":"product","2":"type-product","3":"status-publish","4":"has-post-thumbnail","6":"product_cat-acqua-di-parma","7":"product_tag-hommes","9":"first","10":"instock","11":"shipping-taxable","12":"product-type-simple"},"_links":{"self":[{"href":"https:\/\/divainers.com\/fr\/wp-json\/wp\/v2\/product\/7136","targetHints":{"allow":["GET"]}}],"collection":[{"href":"https:\/\/divainers.com\/fr\/wp-json\/wp\/v2\/product"}],"about":[{"href":"https:\/\/divainers.com\/fr\/wp-json\/wp\/v2\/types\/product"}],"replies":[{"embeddable":true,"href":"https:\/\/divainers.com\/fr\/wp-json\/wp\/v2\/comments?post=7136"}],"wp:featuredmedia":[{"embeddable":true,"href":"https:\/\/divainers.com\/fr\/wp-json\/wp\/v2\/media\/7139"}],"wp:attachment":[{"href":"https:\/\/divainers.com\/fr\/wp-json\/wp\/v2\/media?parent=7136"}],"wp:term":[{"taxonomy":"product_brand","embeddable":true,"href":"https:\/\/divainers.com\/fr\/wp-json\/wp\/v2\/product_brand?post=7136"},{"taxonomy":"product_cat","embeddable":true,"href":"https:\/\/divainers.com\/fr\/wp-json\/wp\/v2\/product_cat?post=7136"},{"taxonomy":"product_tag","embeddable":true,"href":"https:\/\/divainers.com\/fr\/wp-json\/wp\/v2\/product_tag?post=7136"}],"curies":[{"name":"wp","href":"https:\/\/api.w.org\/{rel}","templated":true}]}}