{"id":7207,"date":"2025-01-31T08:31:48","date_gmt":"2025-01-31T07:31:48","guid":{"rendered":"https:\/\/divainers.com\/producto\/divain-276\/"},"modified":"2026-04-30T09:43:57","modified_gmt":"2026-04-30T07:43:57","slug":"divain-276","status":"publish","type":"product","link":"https:\/\/divainers.com\/fr\/producto\/divain-276\/","title":{"rendered":"divain.276"},"content":{"rendered":"<p>C\u2019est un parfum classique et raffin\u00e9, qui se distingue par sa fra\u00eecheur et son \u00e9l\u00e9gance intemporelle. Avec une base fra\u00eeche et citronn\u00e9e, ses notes de t\u00eate incluent le citron, l\u2019orange et la bergamote, apportant une sensation revitalisante. Au c\u0153ur, on retrouve des ar\u00f4mes floraux tels que la lavande, le jasmin et la rose, qui lui conf\u00e8rent une touche de sophistication. La base bois\u00e9e, avec des notes de v\u00e9tiver, de bois de santal et de patchouli, lui donne profondeur et tenue. Id\u00e9al pour l\u2019homme qui appr\u00e9cie les fragrances fra\u00eeches, mais avec une complexit\u00e9 subtile qui perdure toute la journ\u00e9e.<\/p>\n","protected":false},"excerpt":{"rendered":"<p>Rappelle Acqua Di Parma de Acqua di Parma<\/p>\n","protected":false},"featured_media":7210,"comment_status":"open","ping_status":"closed","template":"","meta":[],"product_brand":[],"product_cat":[1398],"product_tag":[1404],"class_list":{"0":"post-7207","1":"product","2":"type-product","3":"status-publish","4":"has-post-thumbnail","6":"product_cat-acqua-di-parma","7":"product_tag-unisex","9":"first","10":"instock","11":"shipping-taxable","12":"product-type-simple"},"_links":{"self":[{"href":"https:\/\/divainers.com\/fr\/wp-json\/wp\/v2\/product\/7207","targetHints":{"allow":["GET"]}}],"collection":[{"href":"https:\/\/divainers.com\/fr\/wp-json\/wp\/v2\/product"}],"about":[{"href":"https:\/\/divainers.com\/fr\/wp-json\/wp\/v2\/types\/product"}],"replies":[{"embeddable":true,"href":"https:\/\/divainers.com\/fr\/wp-json\/wp\/v2\/comments?post=7207"}],"wp:featuredmedia":[{"embeddable":true,"href":"https:\/\/divainers.com\/fr\/wp-json\/wp\/v2\/media\/7210"}],"wp:attachment":[{"href":"https:\/\/divainers.com\/fr\/wp-json\/wp\/v2\/media?parent=7207"}],"wp:term":[{"taxonomy":"product_brand","embeddable":true,"href":"https:\/\/divainers.com\/fr\/wp-json\/wp\/v2\/product_brand?post=7207"},{"taxonomy":"product_cat","embeddable":true,"href":"https:\/\/divainers.com\/fr\/wp-json\/wp\/v2\/product_cat?post=7207"},{"taxonomy":"product_tag","embeddable":true,"href":"https:\/\/divainers.com\/fr\/wp-json\/wp\/v2\/product_tag?post=7207"}],"curies":[{"name":"wp","href":"https:\/\/api.w.org\/{rel}","templated":true}]}}