{"id":7274,"date":"2025-01-31T08:31:50","date_gmt":"2025-01-31T07:31:50","guid":{"rendered":"https:\/\/divainers.com\/producto\/divain-086\/"},"modified":"2026-04-30T09:44:21","modified_gmt":"2026-04-30T07:44:21","slug":"divain-086","status":"publish","type":"product","link":"https:\/\/divainers.com\/fr\/producto\/divain-086\/","title":{"rendered":"divain.086"},"content":{"rendered":"<p>Un parfum d\u00e9licat et intemporel qui capture la fra\u00eecheur et l&rsquo;\u00e9l\u00e9gance naturelle des roses dans leur expression la plus pure. Son ouverture lumineuse d&rsquo;agrumes et de feuilles vertes apporte une sensation revitalisante et l\u00e9g\u00e8re. Au c\u0153ur, la rose de Bulgarie et le muguet enveloppent la fragrance d&rsquo;une f\u00e9minit\u00e9 pure et sophistiqu\u00e9e. En fond, le musc et le bois de santal cr\u00e9ent une tra\u00een\u00e9e douce et enveloppante, parfaite pour la femme romantique, sereine, au charme naturel qui laisse une empreinte.<\/p>\n","protected":false},"excerpt":{"rendered":"<p>Rappelle Agua fresca de rosas de Adolfo Dominguez<\/p>\n","protected":false},"featured_media":7277,"comment_status":"open","ping_status":"closed","template":"","meta":[],"product_brand":[],"product_cat":[1423],"product_tag":[1424],"class_list":{"0":"post-7274","1":"product","2":"type-product","3":"status-publish","4":"has-post-thumbnail","6":"product_cat-adolfo-dominguez","7":"product_tag-femmes","9":"first","10":"instock","11":"shipping-taxable","12":"product-type-simple"},"_links":{"self":[{"href":"https:\/\/divainers.com\/fr\/wp-json\/wp\/v2\/product\/7274","targetHints":{"allow":["GET"]}}],"collection":[{"href":"https:\/\/divainers.com\/fr\/wp-json\/wp\/v2\/product"}],"about":[{"href":"https:\/\/divainers.com\/fr\/wp-json\/wp\/v2\/types\/product"}],"replies":[{"embeddable":true,"href":"https:\/\/divainers.com\/fr\/wp-json\/wp\/v2\/comments?post=7274"}],"wp:featuredmedia":[{"embeddable":true,"href":"https:\/\/divainers.com\/fr\/wp-json\/wp\/v2\/media\/7277"}],"wp:attachment":[{"href":"https:\/\/divainers.com\/fr\/wp-json\/wp\/v2\/media?parent=7274"}],"wp:term":[{"taxonomy":"product_brand","embeddable":true,"href":"https:\/\/divainers.com\/fr\/wp-json\/wp\/v2\/product_brand?post=7274"},{"taxonomy":"product_cat","embeddable":true,"href":"https:\/\/divainers.com\/fr\/wp-json\/wp\/v2\/product_cat?post=7274"},{"taxonomy":"product_tag","embeddable":true,"href":"https:\/\/divainers.com\/fr\/wp-json\/wp\/v2\/product_tag?post=7274"}],"curies":[{"name":"wp","href":"https:\/\/api.w.org\/{rel}","templated":true}]}}