{"id":7298,"date":"2025-01-31T08:31:50","date_gmt":"2025-01-31T07:31:50","guid":{"rendered":"https:\/\/divainers.com\/producto\/divain-049\/"},"modified":"2026-04-30T09:44:34","modified_gmt":"2026-04-30T07:44:34","slug":"divain-049","status":"publish","type":"product","link":"https:\/\/divainers.com\/fr\/producto\/divain-049\/","title":{"rendered":"divain.049"},"content":{"rendered":"<p>Un parfum frais et naturel qui \u00e9voque la s\u00e9r\u00e9nit\u00e9 et l&rsquo;\u00e9quilibre de la nature. Son ouverture vibrante d&rsquo;agrumes et de notes vertes transmet une sensation l\u00e9g\u00e8re et revitalisante, tandis qu&rsquo;un c\u0153ur aromatique de bambou et d&rsquo;\u00e9pices douces apporte une touche exotique et sophistiqu\u00e9e. En fond, le c\u00e8dre, l&rsquo;ambre et le musc cr\u00e9ent une tra\u00een\u00e9e chaude et enveloppante, parfaite pour l&rsquo;homme en qu\u00eate de fra\u00eecheur, d&rsquo;\u00e9l\u00e9gance et d&rsquo;harmonie au quotidien.<\/p>\n","protected":false},"excerpt":{"rendered":"<p>Rappelle Bamb\u00fa de Adolfo Dominguez<\/p>\n","protected":false},"featured_media":7301,"comment_status":"open","ping_status":"closed","template":"","meta":[],"product_brand":[],"product_cat":[1423],"product_tag":[1343],"class_list":{"0":"post-7298","1":"product","2":"type-product","3":"status-publish","4":"has-post-thumbnail","6":"product_cat-adolfo-dominguez","7":"product_tag-hommes","9":"first","10":"instock","11":"shipping-taxable","12":"product-type-simple"},"_links":{"self":[{"href":"https:\/\/divainers.com\/fr\/wp-json\/wp\/v2\/product\/7298","targetHints":{"allow":["GET"]}}],"collection":[{"href":"https:\/\/divainers.com\/fr\/wp-json\/wp\/v2\/product"}],"about":[{"href":"https:\/\/divainers.com\/fr\/wp-json\/wp\/v2\/types\/product"}],"replies":[{"embeddable":true,"href":"https:\/\/divainers.com\/fr\/wp-json\/wp\/v2\/comments?post=7298"}],"wp:featuredmedia":[{"embeddable":true,"href":"https:\/\/divainers.com\/fr\/wp-json\/wp\/v2\/media\/7301"}],"wp:attachment":[{"href":"https:\/\/divainers.com\/fr\/wp-json\/wp\/v2\/media?parent=7298"}],"wp:term":[{"taxonomy":"product_brand","embeddable":true,"href":"https:\/\/divainers.com\/fr\/wp-json\/wp\/v2\/product_brand?post=7298"},{"taxonomy":"product_cat","embeddable":true,"href":"https:\/\/divainers.com\/fr\/wp-json\/wp\/v2\/product_cat?post=7298"},{"taxonomy":"product_tag","embeddable":true,"href":"https:\/\/divainers.com\/fr\/wp-json\/wp\/v2\/product_tag?post=7298"}],"curies":[{"name":"wp","href":"https:\/\/api.w.org\/{rel}","templated":true}]}}