{"id":7314,"date":"2025-01-31T08:31:50","date_gmt":"2025-01-31T07:31:50","guid":{"rendered":"https:\/\/divainers.com\/producto\/divain-031\/"},"modified":"2026-04-30T09:44:40","modified_gmt":"2026-04-30T07:44:40","slug":"divain-031","status":"publish","type":"product","link":"https:\/\/divainers.com\/fr\/producto\/divain-031\/","title":{"rendered":"divain.031"},"content":{"rendered":"<p>Un parfum naturel et revitalisant qui \u00e9voque la fra\u00eecheur de la nature dans sa forme la plus pure. Ses notes de t\u00eate d\u2019agrumes de bergamote et de mandarine se m\u00ealent \u00e0 un c\u0153ur aromatique de romarin, lavande et coriandre, cr\u00e9ant une sensation de propret\u00e9 et d\u2019\u00e9nergie. En fond, le mousse de ch\u00eane, le v\u00e9tiver et le bois de santal apportent profondeur et \u00e9l\u00e9gance, laissant une trace l\u00e9g\u00e8re mais sophistiqu\u00e9e. Parfait pour ceux qui recherchent une fragrance fra\u00eeche, \u00e9quilibr\u00e9e et intemporelle.<\/p>\n","protected":false},"excerpt":{"rendered":"<p>Rappelle Agua Fresca de Adolfo Dominguez<\/p>\n","protected":false},"featured_media":7317,"comment_status":"open","ping_status":"closed","template":"","meta":[],"product_brand":[],"product_cat":[1423],"product_tag":[1337],"class_list":{"0":"post-7314","1":"product","2":"type-product","3":"status-publish","4":"has-post-thumbnail","6":"product_cat-adolfo-dominguez","7":"product_tag-maend","9":"first","10":"instock","11":"shipping-taxable","12":"product-type-simple"},"_links":{"self":[{"href":"https:\/\/divainers.com\/fr\/wp-json\/wp\/v2\/product\/7314","targetHints":{"allow":["GET"]}}],"collection":[{"href":"https:\/\/divainers.com\/fr\/wp-json\/wp\/v2\/product"}],"about":[{"href":"https:\/\/divainers.com\/fr\/wp-json\/wp\/v2\/types\/product"}],"replies":[{"embeddable":true,"href":"https:\/\/divainers.com\/fr\/wp-json\/wp\/v2\/comments?post=7314"}],"wp:featuredmedia":[{"embeddable":true,"href":"https:\/\/divainers.com\/fr\/wp-json\/wp\/v2\/media\/7317"}],"wp:attachment":[{"href":"https:\/\/divainers.com\/fr\/wp-json\/wp\/v2\/media?parent=7314"}],"wp:term":[{"taxonomy":"product_brand","embeddable":true,"href":"https:\/\/divainers.com\/fr\/wp-json\/wp\/v2\/product_brand?post=7314"},{"taxonomy":"product_cat","embeddable":true,"href":"https:\/\/divainers.com\/fr\/wp-json\/wp\/v2\/product_cat?post=7314"},{"taxonomy":"product_tag","embeddable":true,"href":"https:\/\/divainers.com\/fr\/wp-json\/wp\/v2\/product_tag?post=7314"}],"curies":[{"name":"wp","href":"https:\/\/api.w.org\/{rel}","templated":true}]}}