{"id":751,"date":"2025-01-31T08:32:41","date_gmt":"2025-01-31T07:32:41","guid":{"rendered":"https:\/\/divainers.com\/producto\/divain-961\/"},"modified":"2026-04-30T16:16:30","modified_gmt":"2026-04-30T14:16:30","slug":"divain-961","status":"publish","type":"product","link":"https:\/\/divainers.com\/fr\/producto\/divain-961\/","title":{"rendered":"divain.961"},"content":{"rendered":"<p>\u017denski i \u017eivahan miris koji odi\u0161e mladena\u010dkom i sofisticiranom energijom. Od samog otvaranja, citrusne note naran\u010de i grejpa pru\u017eaju svje\u017eu i blistavu svje\u017einu, savr\u0161eno se spajaju\u0107i s ru\u017einim paprom koji dodaje za\u010dinski i odva\u017ean ton. Kako se miris razvija, cvjetne note ru\u017ee i pelargonije donose nje\u017enu \u017eenstvenost, obavijaju\u0107i miris delikatnim cvjetnim karakterom, dok dodir mo\u0161usa u bazi pru\u017ea \u010distu i senzualnu podlogu. Cedar i sandalovina u bazi daju drvenastu sofisticiranost, uravnote\u017euju\u0107i svje\u017einu toplom i elegantnom dubinom. Ovaj miris idealan je za one koji tra\u017ee svje\u017ee, \u017eenstveno i sofisticirano mirisno iskustvo, savr\u0161eno za svakodnevnu upotrebu ili za one koji \u017eele miris koji spaja slatko\u0107u i odva\u017ean dodir.<\/p>\n","protected":false},"excerpt":{"rendered":"<p>Podsje\u0107a na Ma Dame od Jean Paul Gaultier<\/p>\n","protected":false},"featured_media":15879,"comment_status":"open","ping_status":"closed","template":"","meta":[],"product_brand":[],"product_cat":[1302],"product_tag":[1434],"class_list":{"0":"post-751","1":"product","2":"type-product","3":"status-publish","4":"has-post-thumbnail","6":"product_cat-jean-paul-gaultier","7":"product_tag-zene","9":"first","10":"instock","11":"shipping-taxable","12":"product-type-simple"},"_links":{"self":[{"href":"https:\/\/divainers.com\/fr\/wp-json\/wp\/v2\/product\/751","targetHints":{"allow":["GET"]}}],"collection":[{"href":"https:\/\/divainers.com\/fr\/wp-json\/wp\/v2\/product"}],"about":[{"href":"https:\/\/divainers.com\/fr\/wp-json\/wp\/v2\/types\/product"}],"replies":[{"embeddable":true,"href":"https:\/\/divainers.com\/fr\/wp-json\/wp\/v2\/comments?post=751"}],"wp:featuredmedia":[{"embeddable":true,"href":"https:\/\/divainers.com\/fr\/wp-json\/wp\/v2\/media\/15879"}],"wp:attachment":[{"href":"https:\/\/divainers.com\/fr\/wp-json\/wp\/v2\/media?parent=751"}],"wp:term":[{"taxonomy":"product_brand","embeddable":true,"href":"https:\/\/divainers.com\/fr\/wp-json\/wp\/v2\/product_brand?post=751"},{"taxonomy":"product_cat","embeddable":true,"href":"https:\/\/divainers.com\/fr\/wp-json\/wp\/v2\/product_cat?post=751"},{"taxonomy":"product_tag","embeddable":true,"href":"https:\/\/divainers.com\/fr\/wp-json\/wp\/v2\/product_tag?post=751"}],"curies":[{"name":"wp","href":"https:\/\/api.w.org\/{rel}","templated":true}]}}