{"id":7631,"date":"2025-01-31T08:32:01","date_gmt":"2025-01-31T07:32:01","guid":{"rendered":"https:\/\/divainers.com\/producto\/divain-003\/"},"modified":"2026-04-30T09:47:06","modified_gmt":"2026-04-30T07:47:06","slug":"divain-003","status":"publish","type":"product","link":"https:\/\/divainers.com\/fr\/producto\/divain-003\/","title":{"rendered":"divain.003"},"content":{"rendered":"<p>Imaginez un voyage sensoriel o\u00f9 l&rsquo;\u00e9l\u00e9gance intemporelle rencontre l&rsquo;aventure. Ce parfum m\u00eale la chaleur du cuir et de la vanille au magn\u00e9tisme \u00e9pic\u00e9 du safran et de la muscade. Une touche d&rsquo;agrumes frais s&rsquo;entrelace avec un c\u0153ur de bois nobles et un fond enveloppant d&rsquo;ambre et de v\u00e9tiver, cr\u00e9ant un ar\u00f4me sophistiqu\u00e9, masculin et s\u00e9duisant. Parfait pour ceux qui recherchent distinction et caract\u00e8re dans chaque essence.<\/p>\n","protected":false},"excerpt":{"rendered":"<p>Rappelle CH Men de Carolina Herrera<\/p>\n","protected":false},"featured_media":7630,"comment_status":"open","ping_status":"closed","template":"","meta":[],"product_brand":[],"product_cat":[1532],"product_tag":[1362],"class_list":{"0":"post-7631","1":"product","2":"type-product","3":"status-publish","4":"has-post-thumbnail","6":"product_cat-carolina-herrera","7":"product_tag-man","9":"first","10":"instock","11":"shipping-taxable","12":"product-type-simple"},"_links":{"self":[{"href":"https:\/\/divainers.com\/fr\/wp-json\/wp\/v2\/product\/7631","targetHints":{"allow":["GET"]}}],"collection":[{"href":"https:\/\/divainers.com\/fr\/wp-json\/wp\/v2\/product"}],"about":[{"href":"https:\/\/divainers.com\/fr\/wp-json\/wp\/v2\/types\/product"}],"replies":[{"embeddable":true,"href":"https:\/\/divainers.com\/fr\/wp-json\/wp\/v2\/comments?post=7631"}],"wp:featuredmedia":[{"embeddable":true,"href":"https:\/\/divainers.com\/fr\/wp-json\/wp\/v2\/media\/7630"}],"wp:attachment":[{"href":"https:\/\/divainers.com\/fr\/wp-json\/wp\/v2\/media?parent=7631"}],"wp:term":[{"taxonomy":"product_brand","embeddable":true,"href":"https:\/\/divainers.com\/fr\/wp-json\/wp\/v2\/product_brand?post=7631"},{"taxonomy":"product_cat","embeddable":true,"href":"https:\/\/divainers.com\/fr\/wp-json\/wp\/v2\/product_cat?post=7631"},{"taxonomy":"product_tag","embeddable":true,"href":"https:\/\/divainers.com\/fr\/wp-json\/wp\/v2\/product_tag?post=7631"}],"curies":[{"name":"wp","href":"https:\/\/api.w.org\/{rel}","templated":true}]}}