{"id":7673,"date":"2025-01-31T08:32:01","date_gmt":"2025-01-31T07:32:01","guid":{"rendered":"https:\/\/divainers.com\/producto\/divain-004\/"},"modified":"2026-04-30T09:47:18","modified_gmt":"2026-04-30T07:47:18","slug":"divain-004","status":"publish","type":"product","link":"https:\/\/divainers.com\/fr\/producto\/divain-004\/","title":{"rendered":"divain.004"},"content":{"rendered":"<p>Une explosion de fra\u00eecheur et de dynamisme qui \u00e9voque l\u2019\u00e9nergie vibrante de la ville. Ce parfum marie des notes d\u2019agrumes revitalisantes \u00e0 un c\u0153ur \u00e9pic\u00e9 de poivre et de gingembre, cr\u00e9ant un contraste sophistiqu\u00e9 et moderne. Sa base bois\u00e9e, rehauss\u00e9e de touches de musc et de santal, apporte profondeur et magn\u00e9tisme, laissant une trace \u00e9l\u00e9gante et s\u00e9duisante. Id\u00e9al pour l\u2019homme cosmopolite, s\u00fbr de lui et au style inimitable.<\/p>\n","protected":false},"excerpt":{"rendered":"<p>Rappelle 212 Men de Carolina Herrera<\/p>\n","protected":false},"featured_media":7672,"comment_status":"open","ping_status":"closed","template":"","meta":[],"product_brand":[],"product_cat":[1532],"product_tag":[1343],"class_list":{"0":"post-7673","1":"product","2":"type-product","3":"status-publish","4":"has-post-thumbnail","6":"product_cat-carolina-herrera","7":"product_tag-hommes","9":"first","10":"instock","11":"shipping-taxable","12":"product-type-simple"},"_links":{"self":[{"href":"https:\/\/divainers.com\/fr\/wp-json\/wp\/v2\/product\/7673","targetHints":{"allow":["GET"]}}],"collection":[{"href":"https:\/\/divainers.com\/fr\/wp-json\/wp\/v2\/product"}],"about":[{"href":"https:\/\/divainers.com\/fr\/wp-json\/wp\/v2\/types\/product"}],"replies":[{"embeddable":true,"href":"https:\/\/divainers.com\/fr\/wp-json\/wp\/v2\/comments?post=7673"}],"wp:featuredmedia":[{"embeddable":true,"href":"https:\/\/divainers.com\/fr\/wp-json\/wp\/v2\/media\/7672"}],"wp:attachment":[{"href":"https:\/\/divainers.com\/fr\/wp-json\/wp\/v2\/media?parent=7673"}],"wp:term":[{"taxonomy":"product_brand","embeddable":true,"href":"https:\/\/divainers.com\/fr\/wp-json\/wp\/v2\/product_brand?post=7673"},{"taxonomy":"product_cat","embeddable":true,"href":"https:\/\/divainers.com\/fr\/wp-json\/wp\/v2\/product_cat?post=7673"},{"taxonomy":"product_tag","embeddable":true,"href":"https:\/\/divainers.com\/fr\/wp-json\/wp\/v2\/product_tag?post=7673"}],"curies":[{"name":"wp","href":"https:\/\/api.w.org\/{rel}","templated":true}]}}