{"id":7842,"date":"2025-01-31T08:31:51","date_gmt":"2025-01-31T07:31:51","guid":{"rendered":"https:\/\/divainers.com\/producto\/divain-153\/"},"modified":"2026-04-30T09:48:09","modified_gmt":"2026-04-30T07:48:09","slug":"divain-153","status":"publish","type":"product","link":"https:\/\/divainers.com\/fr\/producto\/divain-153\/","title":{"rendered":"divain.153"},"content":{"rendered":"<p>Un parfum \u00e9l\u00e9gant et intemporel qui enveloppe les sens de sa fra\u00eecheur sophistiqu\u00e9e et de sa f\u00e9minit\u00e9 d\u00e9licate. Son ouverture citronn\u00e9e de bergamote et mandarine apporte une sensation lumineuse et vibrante. Au c\u0153ur, un bouquet raffin\u00e9 de freesia, muguet et jasmin d\u00e9ploie une essence florale pure et subtilement s\u00e9duisante. En fond, le musc blanc, l&rsquo;ambre et le bois de santal cr\u00e9ent une tra\u00eene douce, chaude et enveloppante, parfaite pour la femme sophistiqu\u00e9e, naturelle, au charme discret mais inoubliable.<\/p>\n","protected":false},"excerpt":{"rendered":"<p>Rappelle Angel Schlesser Femme de Angel Schlesser<\/p>\n","protected":false},"featured_media":7840,"comment_status":"open","ping_status":"closed","template":"","meta":[],"product_brand":[],"product_cat":[1577],"product_tag":[1424],"class_list":{"0":"post-7842","1":"product","2":"type-product","3":"status-publish","4":"has-post-thumbnail","6":"product_cat-angel-schlesser","7":"product_tag-femmes","9":"first","10":"instock","11":"shipping-taxable","12":"product-type-simple"},"_links":{"self":[{"href":"https:\/\/divainers.com\/fr\/wp-json\/wp\/v2\/product\/7842","targetHints":{"allow":["GET"]}}],"collection":[{"href":"https:\/\/divainers.com\/fr\/wp-json\/wp\/v2\/product"}],"about":[{"href":"https:\/\/divainers.com\/fr\/wp-json\/wp\/v2\/types\/product"}],"replies":[{"embeddable":true,"href":"https:\/\/divainers.com\/fr\/wp-json\/wp\/v2\/comments?post=7842"}],"wp:featuredmedia":[{"embeddable":true,"href":"https:\/\/divainers.com\/fr\/wp-json\/wp\/v2\/media\/7840"}],"wp:attachment":[{"href":"https:\/\/divainers.com\/fr\/wp-json\/wp\/v2\/media?parent=7842"}],"wp:term":[{"taxonomy":"product_brand","embeddable":true,"href":"https:\/\/divainers.com\/fr\/wp-json\/wp\/v2\/product_brand?post=7842"},{"taxonomy":"product_cat","embeddable":true,"href":"https:\/\/divainers.com\/fr\/wp-json\/wp\/v2\/product_cat?post=7842"},{"taxonomy":"product_tag","embeddable":true,"href":"https:\/\/divainers.com\/fr\/wp-json\/wp\/v2\/product_tag?post=7842"}],"curies":[{"name":"wp","href":"https:\/\/api.w.org\/{rel}","templated":true}]}}