{"id":7883,"date":"2025-01-31T08:31:51","date_gmt":"2025-01-31T07:31:51","guid":{"rendered":"https:\/\/divainers.com\/producto\/divain-948\/"},"modified":"2026-04-30T09:48:23","modified_gmt":"2026-04-30T07:48:23","slug":"divain-948","status":"publish","type":"product","link":"https:\/\/divainers.com\/fr\/producto\/divain-948\/","title":{"rendered":"divain.948"},"content":{"rendered":"<p>Un parfum doux et enveloppant qui \u00e9voque une sensation de l\u00e9g\u00e8ret\u00e9 et de s\u00e9r\u00e9nit\u00e9, comme flotter parmi les nuages lors d&rsquo;une journ\u00e9e chaude. D\u00e8s l&rsquo;ouverture, les notes fruit\u00e9es de lavande et de poire apportent une fra\u00eecheur initiale, adoucie par une touche cr\u00e9meuse de noix de coco, qui ajoute une douceur l\u00e9g\u00e8re et relaxante. Au fur et \u00e0 mesure que le parfum se d\u00e9ploie, les notes florales de jasmin et de muguet lui conf\u00e8rent une \u00e9l\u00e9gance d\u00e9licate et f\u00e9minine, cr\u00e9ant une sensation de douceur \u00e9th\u00e9r\u00e9e qui enveloppe la peau. Le fond, marqu\u00e9 par le musc et le caramel, offre une base chaude et r\u00e9confortante qui se fond avec les notes plus l\u00e9g\u00e8res, laissant une trace \u00e0 la fois enveloppante et apaisante. Ce parfum est parfait pour ceux qui recherchent une exp\u00e9rience olfactive douce, sucr\u00e9e et sereine, id\u00e9ale pour le quotidien, transmettant une sensation de calme et de fra\u00eecheur.<\/p>\n","protected":false},"excerpt":{"rendered":"<p>Rappelle Cloud de Ariana Grande<\/p>\n","protected":false},"featured_media":7882,"comment_status":"open","ping_status":"closed","template":"","meta":[],"product_brand":[],"product_cat":[1591],"product_tag":[1436],"class_list":{"0":"post-7883","1":"product","2":"type-product","3":"status-publish","4":"has-post-thumbnail","6":"product_cat-ariana-grande","7":"product_tag-1436","9":"first","10":"instock","11":"shipping-taxable","12":"product-type-simple"},"_links":{"self":[{"href":"https:\/\/divainers.com\/fr\/wp-json\/wp\/v2\/product\/7883","targetHints":{"allow":["GET"]}}],"collection":[{"href":"https:\/\/divainers.com\/fr\/wp-json\/wp\/v2\/product"}],"about":[{"href":"https:\/\/divainers.com\/fr\/wp-json\/wp\/v2\/types\/product"}],"replies":[{"embeddable":true,"href":"https:\/\/divainers.com\/fr\/wp-json\/wp\/v2\/comments?post=7883"}],"wp:featuredmedia":[{"embeddable":true,"href":"https:\/\/divainers.com\/fr\/wp-json\/wp\/v2\/media\/7882"}],"wp:attachment":[{"href":"https:\/\/divainers.com\/fr\/wp-json\/wp\/v2\/media?parent=7883"}],"wp:term":[{"taxonomy":"product_brand","embeddable":true,"href":"https:\/\/divainers.com\/fr\/wp-json\/wp\/v2\/product_brand?post=7883"},{"taxonomy":"product_cat","embeddable":true,"href":"https:\/\/divainers.com\/fr\/wp-json\/wp\/v2\/product_cat?post=7883"},{"taxonomy":"product_tag","embeddable":true,"href":"https:\/\/divainers.com\/fr\/wp-json\/wp\/v2\/product_tag?post=7883"}],"curies":[{"name":"wp","href":"https:\/\/api.w.org\/{rel}","templated":true}]}}