{"id":7929,"date":"2025-01-31T08:31:51","date_gmt":"2025-01-31T07:31:51","guid":{"rendered":"https:\/\/divainers.com\/producto\/divain-457\/"},"modified":"2026-04-30T09:48:41","modified_gmt":"2026-04-30T07:48:41","slug":"divain-457","status":"publish","type":"product","link":"https:\/\/divainers.com\/fr\/producto\/divain-457\/","title":{"rendered":"divain.457"},"content":{"rendered":"<p>Un parfum audacieux et magn\u00e9tique qui distille \u00e9l\u00e9gance et caract\u00e8re \u00e0 chaque note. L\u2019ouverture est vibrante et citronn\u00e9e, avec une explosion de citron, d\u2019ananas et de bergamote qui \u00e9veille les sens d\u2019une fra\u00eecheur intense. En son c\u0153ur, le bouleau et le jasmin apportent profondeur et une touche fum\u00e9e sophistiqu\u00e9e, \u00e9voquant une masculinit\u00e9 raffin\u00e9e et assur\u00e9e. Enfin, une base enveloppante d\u2019ambre gris, de musc et de patchouli laisse une trace durable, s\u00e9duisante et puissante. Un parfum imposant et sophistiqu\u00e9, id\u00e9al pour ceux qui recherchent une fragrance intense, polyvalente et \u00e0 la pr\u00e9sence inoubliable.<\/p>\n","protected":false},"excerpt":{"rendered":"<p>Rappelle Club de Nuit Intense Man de Armaf<\/p>\n","protected":false},"featured_media":7924,"comment_status":"open","ping_status":"closed","template":"","meta":[],"product_brand":[],"product_cat":[1616],"product_tag":[1367],"class_list":{"0":"post-7929","1":"product","2":"type-product","3":"status-publish","4":"has-post-thumbnail","6":"product_cat-armaf","7":"product_tag-moski","9":"first","10":"instock","11":"shipping-taxable","12":"product-type-simple"},"_links":{"self":[{"href":"https:\/\/divainers.com\/fr\/wp-json\/wp\/v2\/product\/7929","targetHints":{"allow":["GET"]}}],"collection":[{"href":"https:\/\/divainers.com\/fr\/wp-json\/wp\/v2\/product"}],"about":[{"href":"https:\/\/divainers.com\/fr\/wp-json\/wp\/v2\/types\/product"}],"replies":[{"embeddable":true,"href":"https:\/\/divainers.com\/fr\/wp-json\/wp\/v2\/comments?post=7929"}],"wp:featuredmedia":[{"embeddable":true,"href":"https:\/\/divainers.com\/fr\/wp-json\/wp\/v2\/media\/7924"}],"wp:attachment":[{"href":"https:\/\/divainers.com\/fr\/wp-json\/wp\/v2\/media?parent=7929"}],"wp:term":[{"taxonomy":"product_brand","embeddable":true,"href":"https:\/\/divainers.com\/fr\/wp-json\/wp\/v2\/product_brand?post=7929"},{"taxonomy":"product_cat","embeddable":true,"href":"https:\/\/divainers.com\/fr\/wp-json\/wp\/v2\/product_cat?post=7929"},{"taxonomy":"product_tag","embeddable":true,"href":"https:\/\/divainers.com\/fr\/wp-json\/wp\/v2\/product_tag?post=7929"}],"curies":[{"name":"wp","href":"https:\/\/api.w.org\/{rel}","templated":true}]}}