{"id":8053,"date":"2025-01-31T08:31:52","date_gmt":"2025-01-31T07:31:52","guid":{"rendered":"https:\/\/divainers.com\/producto\/divain-240\/"},"modified":"2026-04-30T09:49:22","modified_gmt":"2026-04-30T07:49:22","slug":"divain-240","status":"publish","type":"product","link":"https:\/\/divainers.com\/fr\/producto\/divain-240\/","title":{"rendered":"divain.240"},"content":{"rendered":"<p>Un parfum vibrant et audacieux, con\u00e7u pour l\u2019homme extraverti et plein d\u2019\u00e9nergie. D\u00e8s l\u2019ouverture, une explosion de fra\u00eecheur et d\u2019\u00e9pices avec des notes de citron, gingembre et menthe \u00e9veille les sens et apporte du dynamisme. Le c\u0153ur du parfum se pare d\u2019une touche chaude et aromatique gr\u00e2ce \u00e0 la lavande, associ\u00e9e \u00e0 la cannelle et au cardamome, cr\u00e9ant un \u00e9quilibre entre douceur et intensit\u00e9. En fond, les notes bois\u00e9es et balsamiques de tonka, santal et cuir enveloppent la peau d\u2019une tra\u00een\u00e9e de sophistication et de sensualit\u00e9. Id\u00e9al pour les occasions sp\u00e9ciales, ce parfum refl\u00e8te audace et confiance, parfait pour ceux qui cherchent \u00e0 se d\u00e9marquer avec une pr\u00e9sence inoubliable.<\/p>\n","protected":false},"excerpt":{"rendered":"<p>Rappelle Azzaro Wanted de Azzaro<\/p>\n","protected":false},"featured_media":8052,"comment_status":"open","ping_status":"closed","template":"","meta":[],"product_brand":[],"product_cat":[1684],"product_tag":[1343],"class_list":{"0":"post-8053","1":"product","2":"type-product","3":"status-publish","4":"has-post-thumbnail","6":"product_cat-azzaro","7":"product_tag-hommes","9":"first","10":"instock","11":"shipping-taxable","12":"product-type-simple"},"_links":{"self":[{"href":"https:\/\/divainers.com\/fr\/wp-json\/wp\/v2\/product\/8053","targetHints":{"allow":["GET"]}}],"collection":[{"href":"https:\/\/divainers.com\/fr\/wp-json\/wp\/v2\/product"}],"about":[{"href":"https:\/\/divainers.com\/fr\/wp-json\/wp\/v2\/types\/product"}],"replies":[{"embeddable":true,"href":"https:\/\/divainers.com\/fr\/wp-json\/wp\/v2\/comments?post=8053"}],"wp:featuredmedia":[{"embeddable":true,"href":"https:\/\/divainers.com\/fr\/wp-json\/wp\/v2\/media\/8052"}],"wp:attachment":[{"href":"https:\/\/divainers.com\/fr\/wp-json\/wp\/v2\/media?parent=8053"}],"wp:term":[{"taxonomy":"product_brand","embeddable":true,"href":"https:\/\/divainers.com\/fr\/wp-json\/wp\/v2\/product_brand?post=8053"},{"taxonomy":"product_cat","embeddable":true,"href":"https:\/\/divainers.com\/fr\/wp-json\/wp\/v2\/product_cat?post=8053"},{"taxonomy":"product_tag","embeddable":true,"href":"https:\/\/divainers.com\/fr\/wp-json\/wp\/v2\/product_tag?post=8053"}],"curies":[{"name":"wp","href":"https:\/\/api.w.org\/{rel}","templated":true}]}}