{"id":8098,"date":"2025-01-31T08:31:53","date_gmt":"2025-01-31T07:31:53","guid":{"rendered":"https:\/\/divainers.com\/producto\/divain-715\/"},"modified":"2026-04-30T09:49:33","modified_gmt":"2026-04-30T07:49:33","slug":"divain-715","status":"publish","type":"product","link":"https:\/\/divainers.com\/fr\/producto\/divain-715\/","title":{"rendered":"divain.715"},"content":{"rendered":"<p>C\u2019est un parfum floral frais et moderne, caract\u00e9ris\u00e9 par le contraste entre des notes vertes et florales. L\u2019ouverture est fra\u00eeche et l\u00e9g\u00e8re avec une touche de menthe, qui se m\u00eale \u00e0 la rose et au g\u00e9ranium au c\u0153ur, cr\u00e9ant une sensation de fleur des champs fra\u00eeche et enveloppante. Au fil du d\u00e9veloppement, les notes de fond d\u2019ambre et de v\u00e9tiver apportent une profondeur terreuse et sophistiqu\u00e9e, \u00e9quilibrant la fra\u00eecheur des fleurs. C\u2019est un parfum \u00e9l\u00e9gant et contemporain, id\u00e9al pour celles qui recherchent quelque chose de f\u00e9minin, mais avec une touche d\u2019audace et de modernit\u00e9.<\/p>\n","protected":false},"excerpt":{"rendered":"<p>Rappelle Florabotanica de Balenciaga<\/p>\n","protected":false},"featured_media":8094,"comment_status":"open","ping_status":"closed","template":"","meta":[],"product_brand":[],"product_cat":[1706],"product_tag":[1424],"class_list":{"0":"post-8098","1":"product","2":"type-product","3":"status-publish","4":"has-post-thumbnail","6":"product_cat-balenciaga","7":"product_tag-femmes","9":"first","10":"instock","11":"shipping-taxable","12":"product-type-simple"},"_links":{"self":[{"href":"https:\/\/divainers.com\/fr\/wp-json\/wp\/v2\/product\/8098","targetHints":{"allow":["GET"]}}],"collection":[{"href":"https:\/\/divainers.com\/fr\/wp-json\/wp\/v2\/product"}],"about":[{"href":"https:\/\/divainers.com\/fr\/wp-json\/wp\/v2\/types\/product"}],"replies":[{"embeddable":true,"href":"https:\/\/divainers.com\/fr\/wp-json\/wp\/v2\/comments?post=8098"}],"wp:featuredmedia":[{"embeddable":true,"href":"https:\/\/divainers.com\/fr\/wp-json\/wp\/v2\/media\/8094"}],"wp:attachment":[{"href":"https:\/\/divainers.com\/fr\/wp-json\/wp\/v2\/media?parent=8098"}],"wp:term":[{"taxonomy":"product_brand","embeddable":true,"href":"https:\/\/divainers.com\/fr\/wp-json\/wp\/v2\/product_brand?post=8098"},{"taxonomy":"product_cat","embeddable":true,"href":"https:\/\/divainers.com\/fr\/wp-json\/wp\/v2\/product_cat?post=8098"},{"taxonomy":"product_tag","embeddable":true,"href":"https:\/\/divainers.com\/fr\/wp-json\/wp\/v2\/product_tag?post=8098"}],"curies":[{"name":"wp","href":"https:\/\/api.w.org\/{rel}","templated":true}]}}