{"id":815,"date":"2025-01-31T08:32:49","date_gmt":"2025-01-31T07:32:49","guid":{"rendered":"https:\/\/divainers.com\/producto\/divain-317\/"},"modified":"2026-03-16T16:07:54","modified_gmt":"2026-03-16T15:07:54","slug":"divain-317","status":"publish","type":"product","link":"https:\/\/divainers.com\/fr\/producto\/divain-317\/","title":{"rendered":"divain.317"},"content":{"rendered":"<p>Una fragancia c\u00e1lida y envolvente que evoluciona a lo largo del d\u00eda. Se abre con notas frescas y ligeramente especiadas que r\u00e1pidamente se funden en un coraz\u00f3n amaderado y resinoso. La base de \u00e1mbar suave y almizclado crea una estela acogedora y sofisticada, evocando la calidez del sol sobre la piel y la brisa de un paisaje natural. Atemporal y vers\u00e1til, perfecta para quienes buscan un aroma sutil pero con car\u00e1cter.<\/p>\n","protected":false},"excerpt":{"rendered":"<p>Recuerda a Amber de Laboratory Perfumes<\/p>\n","protected":false},"featured_media":3776,"comment_status":"open","ping_status":"closed","template":"","meta":[],"product_brand":[],"product_cat":[587],"product_tag":[1415],"class_list":{"0":"post-815","1":"product","2":"type-product","3":"status-publish","4":"has-post-thumbnail","6":"product_cat-laboratory-perfumes","7":"product_tag-unisex","9":"first","10":"instock","11":"shipping-taxable","12":"product-type-simple"},"_links":{"self":[{"href":"https:\/\/divainers.com\/fr\/wp-json\/wp\/v2\/product\/815","targetHints":{"allow":["GET"]}}],"collection":[{"href":"https:\/\/divainers.com\/fr\/wp-json\/wp\/v2\/product"}],"about":[{"href":"https:\/\/divainers.com\/fr\/wp-json\/wp\/v2\/types\/product"}],"replies":[{"embeddable":true,"href":"https:\/\/divainers.com\/fr\/wp-json\/wp\/v2\/comments?post=815"}],"wp:featuredmedia":[{"embeddable":true,"href":"https:\/\/divainers.com\/fr\/wp-json\/wp\/v2\/media\/3776"}],"wp:attachment":[{"href":"https:\/\/divainers.com\/fr\/wp-json\/wp\/v2\/media?parent=815"}],"wp:term":[{"taxonomy":"product_brand","embeddable":true,"href":"https:\/\/divainers.com\/fr\/wp-json\/wp\/v2\/product_brand?post=815"},{"taxonomy":"product_cat","embeddable":true,"href":"https:\/\/divainers.com\/fr\/wp-json\/wp\/v2\/product_cat?post=815"},{"taxonomy":"product_tag","embeddable":true,"href":"https:\/\/divainers.com\/fr\/wp-json\/wp\/v2\/product_tag?post=815"}],"curies":[{"name":"wp","href":"https:\/\/api.w.org\/{rel}","templated":true}]}}