{"id":8474,"date":"2025-01-31T08:31:54","date_gmt":"2025-01-31T07:31:54","guid":{"rendered":"https:\/\/divainers.com\/producto\/divain-060\/"},"modified":"2026-04-30T09:51:22","modified_gmt":"2026-04-30T07:51:22","slug":"divain-060","status":"publish","type":"product","link":"https:\/\/divainers.com\/fr\/producto\/divain-060\/","title":{"rendered":"divain.060"},"content":{"rendered":"<p>Un parfum doux et envo\u00fbtant qui \u00e9voque un univers de fantaisie et de romance. Son ouverture p\u00e9tillante de kiwi, litchi rouge et coing apporte une touche fruit\u00e9e et juteuse. Au c\u0153ur, le jasmin et le chocolat blanc cr\u00e9ent une alliance addictive et s\u00e9duisante. En fond, la vanille, le musc et les bois cr\u00e9meux enveloppent la fragrance d\u2019un sillage chaud et enveloppant. Parfait pour la femme r\u00eaveuse, coquette, au caract\u00e8re magique et irr\u00e9sistible.<\/p>\n","protected":false},"excerpt":{"rendered":"<p>Rappelle Fantasy de Britney Spears<\/p>\n","protected":false},"featured_media":8471,"comment_status":"open","ping_status":"closed","template":"","meta":[],"product_brand":[],"product_cat":[1893],"product_tag":[1424],"class_list":{"0":"post-8474","1":"product","2":"type-product","3":"status-publish","4":"has-post-thumbnail","6":"product_cat-britney-spears","7":"product_tag-femmes","9":"first","10":"instock","11":"shipping-taxable","12":"product-type-simple"},"_links":{"self":[{"href":"https:\/\/divainers.com\/fr\/wp-json\/wp\/v2\/product\/8474","targetHints":{"allow":["GET"]}}],"collection":[{"href":"https:\/\/divainers.com\/fr\/wp-json\/wp\/v2\/product"}],"about":[{"href":"https:\/\/divainers.com\/fr\/wp-json\/wp\/v2\/types\/product"}],"replies":[{"embeddable":true,"href":"https:\/\/divainers.com\/fr\/wp-json\/wp\/v2\/comments?post=8474"}],"wp:featuredmedia":[{"embeddable":true,"href":"https:\/\/divainers.com\/fr\/wp-json\/wp\/v2\/media\/8471"}],"wp:attachment":[{"href":"https:\/\/divainers.com\/fr\/wp-json\/wp\/v2\/media?parent=8474"}],"wp:term":[{"taxonomy":"product_brand","embeddable":true,"href":"https:\/\/divainers.com\/fr\/wp-json\/wp\/v2\/product_brand?post=8474"},{"taxonomy":"product_cat","embeddable":true,"href":"https:\/\/divainers.com\/fr\/wp-json\/wp\/v2\/product_cat?post=8474"},{"taxonomy":"product_tag","embeddable":true,"href":"https:\/\/divainers.com\/fr\/wp-json\/wp\/v2\/product_tag?post=8474"}],"curies":[{"name":"wp","href":"https:\/\/api.w.org\/{rel}","templated":true}]}}