{"id":8518,"date":"2025-01-31T08:31:54","date_gmt":"2025-01-31T07:31:54","guid":{"rendered":"https:\/\/divainers.com\/producto\/divain-137\/"},"modified":"2026-04-30T09:51:32","modified_gmt":"2026-04-30T07:51:32","slug":"divain-137","status":"publish","type":"product","link":"https:\/\/divainers.com\/fr\/producto\/divain-137\/","title":{"rendered":"divain.137"},"content":{"rendered":"<p>Un parfum chaud et \u00e9l\u00e9gant qui enveloppe les sens de sa sensualit\u00e9 raffin\u00e9e. Son ouverture fruit\u00e9e de p\u00eache, poire et cassis apporte une douceur juteuse et lumineuse. Au c\u0153ur, le jasmin et le bois de santal cr\u00e9ent une alliance douce et sophistiqu\u00e9e qui sublime la f\u00e9minit\u00e9 d\u2019une touche enveloppante. En fond, la vanille et le musc blanc laissent une trace chaleureuse et r\u00e9confortante, parfaite pour la femme classique, sophistiqu\u00e9e, au charme intemporel qui laisse une impression inoubliable.<\/p>\n","protected":false},"excerpt":{"rendered":"<p>Rappelle Burberry Women de Burberry<\/p>\n","protected":false},"featured_media":8511,"comment_status":"open","ping_status":"closed","template":"","meta":[],"product_brand":[],"product_cat":[1915],"product_tag":[1424],"class_list":{"0":"post-8518","1":"product","2":"type-product","3":"status-publish","4":"has-post-thumbnail","6":"product_cat-burberry","7":"product_tag-femmes","9":"first","10":"instock","11":"shipping-taxable","12":"product-type-simple"},"_links":{"self":[{"href":"https:\/\/divainers.com\/fr\/wp-json\/wp\/v2\/product\/8518","targetHints":{"allow":["GET"]}}],"collection":[{"href":"https:\/\/divainers.com\/fr\/wp-json\/wp\/v2\/product"}],"about":[{"href":"https:\/\/divainers.com\/fr\/wp-json\/wp\/v2\/types\/product"}],"replies":[{"embeddable":true,"href":"https:\/\/divainers.com\/fr\/wp-json\/wp\/v2\/comments?post=8518"}],"wp:featuredmedia":[{"embeddable":true,"href":"https:\/\/divainers.com\/fr\/wp-json\/wp\/v2\/media\/8511"}],"wp:attachment":[{"href":"https:\/\/divainers.com\/fr\/wp-json\/wp\/v2\/media?parent=8518"}],"wp:term":[{"taxonomy":"product_brand","embeddable":true,"href":"https:\/\/divainers.com\/fr\/wp-json\/wp\/v2\/product_brand?post=8518"},{"taxonomy":"product_cat","embeddable":true,"href":"https:\/\/divainers.com\/fr\/wp-json\/wp\/v2\/product_cat?post=8518"},{"taxonomy":"product_tag","embeddable":true,"href":"https:\/\/divainers.com\/fr\/wp-json\/wp\/v2\/product_tag?post=8518"}],"curies":[{"name":"wp","href":"https:\/\/api.w.org\/{rel}","templated":true}]}}