{"id":8645,"date":"2025-01-31T08:33:38","date_gmt":"2025-01-31T07:33:38","guid":{"rendered":"https:\/\/divainers.com\/producto\/divain-659\/"},"modified":"2026-04-30T09:52:20","modified_gmt":"2026-04-30T07:52:20","slug":"divain-659","status":"publish","type":"product","link":"https:\/\/divainers.com\/fr\/producto\/divain-659\/","title":{"rendered":"divain.659"},"content":{"rendered":"<p>Un parfum d\u00e9bordant de sensualit\u00e9 et de myst\u00e8re, parfait pour la femme qui souhaite captiver avec une tra\u00een\u00e9e unique. Il commence par un m\u00e9lange fruit\u00e9 et juteux, o\u00f9 les notes de prune et de framboise ajoutent une fra\u00eecheur douce, accompagn\u00e9es d\u2019une touche florale d\u00e9licate. Le c\u0153ur se remplit d\u2019un accord subtil de fleurs exotiques, comme le jasmin, qui apporte une sensualit\u00e9 f\u00e9minine et enveloppante. Enfin, les notes de fond de bois de santal et de musc cr\u00e9ent une base chaude et terreuse, laissant une sensation de douceur et de profondeur qui perdure.<\/p>\n","protected":false},"excerpt":{"rendered":"<p>Rappelle Forbidden de Victoria&rsquo;s Secret<\/p>\n","protected":false},"featured_media":8638,"comment_status":"open","ping_status":"closed","template":"","meta":[],"product_brand":[],"product_cat":[1978],"product_tag":[1424],"class_list":{"0":"post-8645","1":"product","2":"type-product","3":"status-publish","4":"has-post-thumbnail","6":"product_cat-victorias-secret","7":"product_tag-femmes","9":"first","10":"instock","11":"shipping-taxable","12":"product-type-simple"},"_links":{"self":[{"href":"https:\/\/divainers.com\/fr\/wp-json\/wp\/v2\/product\/8645","targetHints":{"allow":["GET"]}}],"collection":[{"href":"https:\/\/divainers.com\/fr\/wp-json\/wp\/v2\/product"}],"about":[{"href":"https:\/\/divainers.com\/fr\/wp-json\/wp\/v2\/types\/product"}],"replies":[{"embeddable":true,"href":"https:\/\/divainers.com\/fr\/wp-json\/wp\/v2\/comments?post=8645"}],"wp:featuredmedia":[{"embeddable":true,"href":"https:\/\/divainers.com\/fr\/wp-json\/wp\/v2\/media\/8638"}],"wp:attachment":[{"href":"https:\/\/divainers.com\/fr\/wp-json\/wp\/v2\/media?parent=8645"}],"wp:term":[{"taxonomy":"product_brand","embeddable":true,"href":"https:\/\/divainers.com\/fr\/wp-json\/wp\/v2\/product_brand?post=8645"},{"taxonomy":"product_cat","embeddable":true,"href":"https:\/\/divainers.com\/fr\/wp-json\/wp\/v2\/product_cat?post=8645"},{"taxonomy":"product_tag","embeddable":true,"href":"https:\/\/divainers.com\/fr\/wp-json\/wp\/v2\/product_tag?post=8645"}],"curies":[{"name":"wp","href":"https:\/\/api.w.org\/{rel}","templated":true}]}}