{"id":913,"date":"2025-01-31T08:33:01","date_gmt":"2025-01-31T07:33:01","guid":{"rendered":"https:\/\/divainers.com\/producto\/divain-330\/"},"modified":"2026-03-16T16:08:04","modified_gmt":"2026-03-16T15:08:04","slug":"divain-330","status":"publish","type":"product","link":"https:\/\/divainers.com\/fr\/producto\/divain-330\/","title":{"rendered":"divain.330"},"content":{"rendered":"<p>Una fragancia intensa y especiada, con una apertura explosiva de canela, azafr\u00e1n y notas afrutadas que crean un inicio c\u00e1lido y vibrante. El coraz\u00f3n se adentra en acordes de incienso y pachul\u00ed, aportando profundidad y misticismo. En el fondo, el tabaco se combina con maderas, vainilla y \u00e1mbar, logrando un aroma potente, seductor y de gran presencia.<\/p>\n","protected":false},"excerpt":{"rendered":"<p>Recuerda a Red Tobacco de Mancera<\/p>\n","protected":false},"featured_media":4402,"comment_status":"open","ping_status":"closed","template":"","meta":[],"product_brand":[],"product_cat":[695],"product_tag":[1407],"class_list":{"0":"post-913","1":"product","2":"type-product","3":"status-publish","4":"has-post-thumbnail","6":"product_cat-mancera","7":"product_tag-unisex","9":"first","10":"instock","11":"shipping-taxable","12":"product-type-simple"},"_links":{"self":[{"href":"https:\/\/divainers.com\/fr\/wp-json\/wp\/v2\/product\/913","targetHints":{"allow":["GET"]}}],"collection":[{"href":"https:\/\/divainers.com\/fr\/wp-json\/wp\/v2\/product"}],"about":[{"href":"https:\/\/divainers.com\/fr\/wp-json\/wp\/v2\/types\/product"}],"replies":[{"embeddable":true,"href":"https:\/\/divainers.com\/fr\/wp-json\/wp\/v2\/comments?post=913"}],"wp:featuredmedia":[{"embeddable":true,"href":"https:\/\/divainers.com\/fr\/wp-json\/wp\/v2\/media\/4402"}],"wp:attachment":[{"href":"https:\/\/divainers.com\/fr\/wp-json\/wp\/v2\/media?parent=913"}],"wp:term":[{"taxonomy":"product_brand","embeddable":true,"href":"https:\/\/divainers.com\/fr\/wp-json\/wp\/v2\/product_brand?post=913"},{"taxonomy":"product_cat","embeddable":true,"href":"https:\/\/divainers.com\/fr\/wp-json\/wp\/v2\/product_cat?post=913"},{"taxonomy":"product_tag","embeddable":true,"href":"https:\/\/divainers.com\/fr\/wp-json\/wp\/v2\/product_tag?post=913"}],"curies":[{"name":"wp","href":"https:\/\/api.w.org\/{rel}","templated":true}]}}