{"id":9171,"date":"2025-01-31T08:33:39","date_gmt":"2025-01-31T07:33:39","guid":{"rendered":"https:\/\/divainers.com\/producto\/divain-100\/"},"modified":"2026-04-30T09:54:38","modified_gmt":"2026-04-30T07:54:38","slug":"divain-100","status":"publish","type":"product","link":"https:\/\/divainers.com\/fr\/producto\/divain-100\/","title":{"rendered":"divain.100"},"content":{"rendered":"<p>Un parfum pur et naturel qui \u00e9voque la fra\u00eecheur du matin et la d\u00e9licatesse de la nature. Son ouverture lumineuse d&rsquo;agrumes et de feuilles vertes apporte une sensation revitalisante et l\u00e9g\u00e8re. Au c\u0153ur, un bouquet floral de jasmin, rose et muguet enveloppe la fragrance d&rsquo;une f\u00e9minit\u00e9 douce et \u00e9l\u00e9gante. En fond, le musc et le bois de c\u00e8dre cr\u00e9ent une tra\u00een\u00e9e chaude et enveloppante, parfaite pour la femme romantique, sereine et au charme subtil qui laisse une empreinte.<\/p>\n","protected":false},"excerpt":{"rendered":"<p>Rappelle Agua de Rocio de Victorio &#038; Lucchino<\/p>\n","protected":false},"featured_media":9170,"comment_status":"open","ping_status":"closed","template":"","meta":[],"product_brand":[],"product_cat":[2229],"product_tag":[1424],"class_list":{"0":"post-9171","1":"product","2":"type-product","3":"status-publish","4":"has-post-thumbnail","6":"product_cat-victorio-lucchino","7":"product_tag-femmes","9":"first","10":"instock","11":"shipping-taxable","12":"product-type-simple"},"_links":{"self":[{"href":"https:\/\/divainers.com\/fr\/wp-json\/wp\/v2\/product\/9171","targetHints":{"allow":["GET"]}}],"collection":[{"href":"https:\/\/divainers.com\/fr\/wp-json\/wp\/v2\/product"}],"about":[{"href":"https:\/\/divainers.com\/fr\/wp-json\/wp\/v2\/types\/product"}],"replies":[{"embeddable":true,"href":"https:\/\/divainers.com\/fr\/wp-json\/wp\/v2\/comments?post=9171"}],"wp:featuredmedia":[{"embeddable":true,"href":"https:\/\/divainers.com\/fr\/wp-json\/wp\/v2\/media\/9170"}],"wp:attachment":[{"href":"https:\/\/divainers.com\/fr\/wp-json\/wp\/v2\/media?parent=9171"}],"wp:term":[{"taxonomy":"product_brand","embeddable":true,"href":"https:\/\/divainers.com\/fr\/wp-json\/wp\/v2\/product_brand?post=9171"},{"taxonomy":"product_cat","embeddable":true,"href":"https:\/\/divainers.com\/fr\/wp-json\/wp\/v2\/product_cat?post=9171"},{"taxonomy":"product_tag","embeddable":true,"href":"https:\/\/divainers.com\/fr\/wp-json\/wp\/v2\/product_tag?post=9171"}],"curies":[{"name":"wp","href":"https:\/\/api.w.org\/{rel}","templated":true}]}}