{"id":968,"date":"2025-01-31T08:33:09","date_gmt":"2025-01-31T07:33:09","guid":{"rendered":"https:\/\/divainers.com\/producto\/divain-296\/"},"modified":"2026-03-16T16:08:09","modified_gmt":"2026-03-16T15:08:09","slug":"divain-296","status":"publish","type":"product","link":"https:\/\/divainers.com\/fr\/producto\/divain-296\/","title":{"rendered":"divain.296"},"content":{"rendered":"<p>Es una fragancia intensa, oscura y misteriosa, con un car\u00e1cter ahumado y resinoso. La apertura es densa y profunda, con notas de incienso y maderas oscuras, que se mezclan con un acorde terroso y ligeramente herbal. A medida que evoluciona, revela facetas ambarinas y bals\u00e1micas, con un toque de tabaco y cuero. Su estela es poderosa y su longevidad excepcional, dejando una impresi\u00f3n enigm\u00e1tica y adictiva.<\/p>\n","protected":false},"excerpt":{"rendered":"<p>Recuerda a Black Afgano de Nasomatto<\/p>\n","protected":false},"featured_media":3757,"comment_status":"open","ping_status":"closed","template":"","meta":[],"product_brand":[],"product_cat":[763],"product_tag":[1415],"class_list":{"0":"post-968","1":"product","2":"type-product","3":"status-publish","4":"has-post-thumbnail","6":"product_cat-nasomatto","7":"product_tag-unisex","9":"first","10":"instock","11":"shipping-taxable","12":"product-type-simple"},"_links":{"self":[{"href":"https:\/\/divainers.com\/fr\/wp-json\/wp\/v2\/product\/968","targetHints":{"allow":["GET"]}}],"collection":[{"href":"https:\/\/divainers.com\/fr\/wp-json\/wp\/v2\/product"}],"about":[{"href":"https:\/\/divainers.com\/fr\/wp-json\/wp\/v2\/types\/product"}],"replies":[{"embeddable":true,"href":"https:\/\/divainers.com\/fr\/wp-json\/wp\/v2\/comments?post=968"}],"wp:featuredmedia":[{"embeddable":true,"href":"https:\/\/divainers.com\/fr\/wp-json\/wp\/v2\/media\/3757"}],"wp:attachment":[{"href":"https:\/\/divainers.com\/fr\/wp-json\/wp\/v2\/media?parent=968"}],"wp:term":[{"taxonomy":"product_brand","embeddable":true,"href":"https:\/\/divainers.com\/fr\/wp-json\/wp\/v2\/product_brand?post=968"},{"taxonomy":"product_cat","embeddable":true,"href":"https:\/\/divainers.com\/fr\/wp-json\/wp\/v2\/product_cat?post=968"},{"taxonomy":"product_tag","embeddable":true,"href":"https:\/\/divainers.com\/fr\/wp-json\/wp\/v2\/product_tag?post=968"}],"curies":[{"name":"wp","href":"https:\/\/api.w.org\/{rel}","templated":true}]}}