{"id":1059,"date":"2025-01-31T08:33:21","date_gmt":"2025-01-31T07:33:21","guid":{"rendered":"https:\/\/divainers.com\/producto\/divain-861\/"},"modified":"2026-03-16T16:08:17","modified_gmt":"2026-03-16T15:08:17","slug":"divain-861","status":"publish","type":"product","link":"https:\/\/divainers.com\/hr\/producto\/divain-861\/","title":{"rendered":"divain.861"},"content":{"rendered":"<p>\u200b<span class=\"relative -mx-px my-[-0.2rem] rounded px-px py-[0.2rem]\">Imagina un perfume que envuelve la piel con la suavidad de una brisa primaveral, donde la frescura de la nectarina madura se entrelaza con notas verdes y delicadas de hojas de t\u00e9.<\/span> <span class=\"relative -mx-px my-[-0.2rem] rounded px-px py-[0.2rem]\">A medida que se desarrolla, emergen acordes florales de jazm\u00edn dulce, lirio de los valles y violeta en polvo, creando una sensaci\u00f3n de limpieza y frescura.<\/span> <span class=\"relative -mx-px my-[-0.2rem] rounded px-px py-[0.2rem]\">En el fondo, una base c\u00e1lida y envolvente de almizcle, s\u00e1ndalo cremoso, musgo de roble y \u00e1mbar aporta profundidad y sensualidad a esta fragancia, perfecta para quienes buscan un aroma limpio, delicado y sofisticado.<\/span><\/p>\n","protected":false},"excerpt":{"rendered":"<p>Recuerda a Artemisia de Penhaligon&#8217;s<\/p>\n","protected":false},"featured_media":3138,"comment_status":"open","ping_status":"closed","template":"","meta":[],"product_brand":[],"product_cat":[852],"product_tag":[38],"class_list":{"0":"post-1059","1":"product","2":"type-product","3":"status-publish","4":"has-post-thumbnail","6":"product_cat-penhaligons","7":"product_tag-mujer","9":"first","10":"instock","11":"shipping-taxable","12":"product-type-simple"},"_links":{"self":[{"href":"https:\/\/divainers.com\/hr\/wp-json\/wp\/v2\/product\/1059","targetHints":{"allow":["GET"]}}],"collection":[{"href":"https:\/\/divainers.com\/hr\/wp-json\/wp\/v2\/product"}],"about":[{"href":"https:\/\/divainers.com\/hr\/wp-json\/wp\/v2\/types\/product"}],"replies":[{"embeddable":true,"href":"https:\/\/divainers.com\/hr\/wp-json\/wp\/v2\/comments?post=1059"}],"wp:featuredmedia":[{"embeddable":true,"href":"https:\/\/divainers.com\/hr\/wp-json\/wp\/v2\/media\/3138"}],"wp:attachment":[{"href":"https:\/\/divainers.com\/hr\/wp-json\/wp\/v2\/media?parent=1059"}],"wp:term":[{"taxonomy":"product_brand","embeddable":true,"href":"https:\/\/divainers.com\/hr\/wp-json\/wp\/v2\/product_brand?post=1059"},{"taxonomy":"product_cat","embeddable":true,"href":"https:\/\/divainers.com\/hr\/wp-json\/wp\/v2\/product_cat?post=1059"},{"taxonomy":"product_tag","embeddable":true,"href":"https:\/\/divainers.com\/hr\/wp-json\/wp\/v2\/product_tag?post=1059"}],"curies":[{"name":"wp","href":"https:\/\/api.w.org\/{rel}","templated":true}]}}