{"id":1060,"date":"2025-01-31T08:33:21","date_gmt":"2025-01-31T07:33:21","guid":{"rendered":"https:\/\/divainers.com\/producto\/divain-116\/"},"modified":"2026-03-16T16:08:17","modified_gmt":"2026-03-16T15:08:17","slug":"divain-116","status":"publish","type":"product","link":"https:\/\/divainers.com\/hr\/producto\/divain-116\/","title":{"rendered":"divain.116"},"content":{"rendered":"<p>Un aroma dulce y sofisticado que envuelve los sentidos con una sensualidad adictiva. Su apertura luminosa de almizcle blanco aporta una suavidad envolvente y aterciopelada. En el coraz\u00f3n, el benju\u00ed despliega una calidez dorada y resinosa que aporta profundidad y car\u00e1cter. En el fondo, el caramelo seductor deja una estela golosa, cremosa y envolvente, perfecta para la mujer segura de s\u00ed misma, audaz y con un encanto irresistible que deja huella a su paso.<\/p>\n","protected":false},"excerpt":{"rendered":"<p>Recuerda a Candy de Prada<\/p>\n","protected":false},"featured_media":3609,"comment_status":"open","ping_status":"closed","template":"","meta":[],"product_brand":[],"product_cat":[866],"product_tag":[1439],"class_list":{"0":"post-1060","1":"product","2":"type-product","3":"status-publish","4":"has-post-thumbnail","6":"product_cat-prada","7":"product_tag-kvinnor","9":"first","10":"instock","11":"shipping-taxable","12":"product-type-simple"},"_links":{"self":[{"href":"https:\/\/divainers.com\/hr\/wp-json\/wp\/v2\/product\/1060","targetHints":{"allow":["GET"]}}],"collection":[{"href":"https:\/\/divainers.com\/hr\/wp-json\/wp\/v2\/product"}],"about":[{"href":"https:\/\/divainers.com\/hr\/wp-json\/wp\/v2\/types\/product"}],"replies":[{"embeddable":true,"href":"https:\/\/divainers.com\/hr\/wp-json\/wp\/v2\/comments?post=1060"}],"wp:featuredmedia":[{"embeddable":true,"href":"https:\/\/divainers.com\/hr\/wp-json\/wp\/v2\/media\/3609"}],"wp:attachment":[{"href":"https:\/\/divainers.com\/hr\/wp-json\/wp\/v2\/media?parent=1060"}],"wp:term":[{"taxonomy":"product_brand","embeddable":true,"href":"https:\/\/divainers.com\/hr\/wp-json\/wp\/v2\/product_brand?post=1060"},{"taxonomy":"product_cat","embeddable":true,"href":"https:\/\/divainers.com\/hr\/wp-json\/wp\/v2\/product_cat?post=1060"},{"taxonomy":"product_tag","embeddable":true,"href":"https:\/\/divainers.com\/hr\/wp-json\/wp\/v2\/product_tag?post=1060"}],"curies":[{"name":"wp","href":"https:\/\/api.w.org\/{rel}","templated":true}]}}