{"id":1062,"date":"2025-01-31T08:33:21","date_gmt":"2025-01-31T07:33:21","guid":{"rendered":"https:\/\/divainers.com\/producto\/divain-275\/"},"modified":"2026-03-16T16:08:18","modified_gmt":"2026-03-16T15:08:18","slug":"divain-275","status":"publish","type":"product","link":"https:\/\/divainers.com\/hr\/producto\/divain-275\/","title":{"rendered":"divain.275"},"content":{"rendered":"<p>Es una fragancia fresca y sofisticada, con una mezcla de notas c\u00edtricas y especiadas que le otorgan un car\u00e1cter refinado y moderno. Las notas de salida incluyen mandarina y cipr\u00e9s, seguidas de un coraz\u00f3n floral y especiado con notas de jengibre y flor de naranjo. La base, suave y amaderada, combina vetiver, cedro y s\u00e1ndalo, aportando profundidad y elegancia. Esta fragancia est\u00e1 dise\u00f1ada para un hombre elegante, que aprecia los aromas frescos y duraderos con un toque de distinci\u00f3n.<\/p>\n","protected":false},"excerpt":{"rendered":"<p>Recuerda a Infusion d&#8217; Homme de Prada<\/p>\n","protected":false},"featured_media":3740,"comment_status":"open","ping_status":"closed","template":"","meta":[],"product_brand":[],"product_cat":[866],"product_tag":[1345],"class_list":{"0":"post-1062","1":"product","2":"type-product","3":"status-publish","4":"has-post-thumbnail","6":"product_cat-prada","7":"product_tag-manner","9":"first","10":"instock","11":"shipping-taxable","12":"product-type-simple"},"_links":{"self":[{"href":"https:\/\/divainers.com\/hr\/wp-json\/wp\/v2\/product\/1062","targetHints":{"allow":["GET"]}}],"collection":[{"href":"https:\/\/divainers.com\/hr\/wp-json\/wp\/v2\/product"}],"about":[{"href":"https:\/\/divainers.com\/hr\/wp-json\/wp\/v2\/types\/product"}],"replies":[{"embeddable":true,"href":"https:\/\/divainers.com\/hr\/wp-json\/wp\/v2\/comments?post=1062"}],"wp:featuredmedia":[{"embeddable":true,"href":"https:\/\/divainers.com\/hr\/wp-json\/wp\/v2\/media\/3740"}],"wp:attachment":[{"href":"https:\/\/divainers.com\/hr\/wp-json\/wp\/v2\/media?parent=1062"}],"wp:term":[{"taxonomy":"product_brand","embeddable":true,"href":"https:\/\/divainers.com\/hr\/wp-json\/wp\/v2\/product_brand?post=1062"},{"taxonomy":"product_cat","embeddable":true,"href":"https:\/\/divainers.com\/hr\/wp-json\/wp\/v2\/product_cat?post=1062"},{"taxonomy":"product_tag","embeddable":true,"href":"https:\/\/divainers.com\/hr\/wp-json\/wp\/v2\/product_tag?post=1062"}],"curies":[{"name":"wp","href":"https:\/\/api.w.org\/{rel}","templated":true}]}}