{"id":1085,"date":"2025-01-31T08:33:24","date_gmt":"2025-01-31T07:33:24","guid":{"rendered":"https:\/\/divainers.com\/producto\/divain-145\/"},"modified":"2026-03-16T16:08:19","modified_gmt":"2026-03-16T15:08:19","slug":"divain-145","status":"publish","type":"product","link":"https:\/\/divainers.com\/hr\/producto\/divain-145\/","title":{"rendered":"divain.145"},"content":{"rendered":"<p>Un aroma atrevido y sensual que irradia juventud, frescura y un toque salvaje. Su apertura vibrante de neroli aporta una luminosidad chispeante y adictiva. En el coraz\u00f3n, la flor de tiar\u00e9 despliega su feminidad c\u00e1lida y ex\u00f3tica, envolviendo los sentidos en un aura seductora. En el fondo, la madera de palisandro aporta profundidad y una estela cremosa y envolvente, perfecta para la mujer segura de s\u00ed misma, audaz y con un esp\u00edritu libre que deja huella con su magnetismo irresistible.<\/p>\n","protected":false},"excerpt":{"rendered":"<p>Recuerda a Just Cavalli de Roberto Cavalli<\/p>\n","protected":false},"featured_media":3629,"comment_status":"open","ping_status":"closed","template":"","meta":[],"product_brand":[],"product_cat":[895],"product_tag":[38],"class_list":{"0":"post-1085","1":"product","2":"type-product","3":"status-publish","4":"has-post-thumbnail","6":"product_cat-roberto-cavalli","7":"product_tag-mujer","9":"first","10":"instock","11":"shipping-taxable","12":"product-type-simple"},"_links":{"self":[{"href":"https:\/\/divainers.com\/hr\/wp-json\/wp\/v2\/product\/1085","targetHints":{"allow":["GET"]}}],"collection":[{"href":"https:\/\/divainers.com\/hr\/wp-json\/wp\/v2\/product"}],"about":[{"href":"https:\/\/divainers.com\/hr\/wp-json\/wp\/v2\/types\/product"}],"replies":[{"embeddable":true,"href":"https:\/\/divainers.com\/hr\/wp-json\/wp\/v2\/comments?post=1085"}],"wp:featuredmedia":[{"embeddable":true,"href":"https:\/\/divainers.com\/hr\/wp-json\/wp\/v2\/media\/3629"}],"wp:attachment":[{"href":"https:\/\/divainers.com\/hr\/wp-json\/wp\/v2\/media?parent=1085"}],"wp:term":[{"taxonomy":"product_brand","embeddable":true,"href":"https:\/\/divainers.com\/hr\/wp-json\/wp\/v2\/product_brand?post=1085"},{"taxonomy":"product_cat","embeddable":true,"href":"https:\/\/divainers.com\/hr\/wp-json\/wp\/v2\/product_cat?post=1085"},{"taxonomy":"product_tag","embeddable":true,"href":"https:\/\/divainers.com\/hr\/wp-json\/wp\/v2\/product_tag?post=1085"}],"curies":[{"name":"wp","href":"https:\/\/api.w.org\/{rel}","templated":true}]}}