{"id":11271,"date":"2025-01-31T08:33:26","date_gmt":"2025-01-31T07:33:26","guid":{"rendered":"https:\/\/divainers.com\/producto\/divain-544\/"},"modified":"2026-04-30T16:08:33","modified_gmt":"2026-04-30T14:08:33","slug":"divain-544","status":"publish","type":"product","link":"https:\/\/divainers.com\/hr\/producto\/divain-544\/","title":{"rendered":"divain.544"},"content":{"rendered":"<p>Delikatan i svijetao miris koji priziva suptilnu eleganciju i svje\u017einu dragocjenog dragulja. Od samog po\u010detka, mje\u0161avina svje\u017eih citrusa i zelenog li\u0161\u0107a budi osjetila vibriraju\u0107im i osvje\u017eavaju\u0107im dojmom. U srcu mirisa, cvjetni buket ru\u017ee, jasmina i ljiljana doline donosi nje\u017enu i profinjenu \u017eenstvenost, dok dodir maline unosi laganu i vo\u0107nu slatko\u0107u. Na kraju, baza od mo\u0161usa, cedarovog drva i vanilije ostavlja topao, obavijaju\u0107i i senzualan trag. Idealni parfem za one koji tra\u017ee svje\u017e, cvjetni i elegantan miris, savr\u0161en za svakodnevnu upotrebu ili posebne prilike ispunjene svjetlo\u0161\u0107u i graciozno\u0161\u0107u.<\/p>\n","protected":false},"excerpt":{"rendered":"<p>Podsje\u0107a na Aura od Swarovski<\/p>\n","protected":false},"featured_media":11270,"comment_status":"open","ping_status":"closed","template":"","meta":[],"product_brand":[],"product_cat":[3209],"product_tag":[1434],"class_list":{"0":"post-11271","1":"product","2":"type-product","3":"status-publish","4":"has-post-thumbnail","6":"product_cat-swarovski","7":"product_tag-zene","9":"first","10":"instock","11":"shipping-taxable","12":"product-type-simple"},"_links":{"self":[{"href":"https:\/\/divainers.com\/hr\/wp-json\/wp\/v2\/product\/11271","targetHints":{"allow":["GET"]}}],"collection":[{"href":"https:\/\/divainers.com\/hr\/wp-json\/wp\/v2\/product"}],"about":[{"href":"https:\/\/divainers.com\/hr\/wp-json\/wp\/v2\/types\/product"}],"replies":[{"embeddable":true,"href":"https:\/\/divainers.com\/hr\/wp-json\/wp\/v2\/comments?post=11271"}],"wp:featuredmedia":[{"embeddable":true,"href":"https:\/\/divainers.com\/hr\/wp-json\/wp\/v2\/media\/11270"}],"wp:attachment":[{"href":"https:\/\/divainers.com\/hr\/wp-json\/wp\/v2\/media?parent=11271"}],"wp:term":[{"taxonomy":"product_brand","embeddable":true,"href":"https:\/\/divainers.com\/hr\/wp-json\/wp\/v2\/product_brand?post=11271"},{"taxonomy":"product_cat","embeddable":true,"href":"https:\/\/divainers.com\/hr\/wp-json\/wp\/v2\/product_cat?post=11271"},{"taxonomy":"product_tag","embeddable":true,"href":"https:\/\/divainers.com\/hr\/wp-json\/wp\/v2\/product_tag?post=11271"}],"curies":[{"name":"wp","href":"https:\/\/api.w.org\/{rel}","templated":true}]}}