{"id":1159,"date":"2025-01-31T08:33:34","date_gmt":"2025-01-31T07:33:34","guid":{"rendered":"https:\/\/divainers.com\/producto\/divain-780\/"},"modified":"2026-04-30T16:13:42","modified_gmt":"2026-04-30T14:13:42","slug":"divain-780","status":"publish","type":"product","link":"https:\/\/divainers.com\/hr\/producto\/divain-780\/","title":{"rendered":"divain.780"},"content":{"rendered":"<p>Ova mirisna nota zapo\u010dinje svje\u017eim i cvjetnim otvaranjem, gdje se note kineske bo\u017eurice isprepli\u0107u s nje\u017eno\u0161\u0107u ru\u017ee, stvaraju\u0107i osje\u0107aj meko\u0107e i elegancije. U bazi, smola i tamjan donose balzami\u010dnu i blago dimljenu dubinu, dodaju\u0107i slo\u017eenost i toplinu kompoziciji. Iako je miris inspiriran kineskom tradicijom, nudi sofisticiranu i suvremenu interpretaciju, savr\u0161enu za one koji tra\u017ee jedinstveno osjetilno iskustvo.<\/p>\n","protected":false},"excerpt":{"rendered":"<p>Podsje\u0107a na Rose De Chine od Tom Ford<\/p>\n","protected":false},"featured_media":15736,"comment_status":"open","ping_status":"closed","template":"","meta":[],"product_brand":[],"product_cat":[4254],"product_tag":[1391],"class_list":{"0":"post-1159","1":"product","2":"type-product","3":"status-publish","4":"has-post-thumbnail","6":"product_cat-tom-ford","7":"product_tag-unisex","9":"first","10":"instock","11":"shipping-taxable","12":"product-type-simple"},"_links":{"self":[{"href":"https:\/\/divainers.com\/hr\/wp-json\/wp\/v2\/product\/1159","targetHints":{"allow":["GET"]}}],"collection":[{"href":"https:\/\/divainers.com\/hr\/wp-json\/wp\/v2\/product"}],"about":[{"href":"https:\/\/divainers.com\/hr\/wp-json\/wp\/v2\/types\/product"}],"replies":[{"embeddable":true,"href":"https:\/\/divainers.com\/hr\/wp-json\/wp\/v2\/comments?post=1159"}],"wp:featuredmedia":[{"embeddable":true,"href":"https:\/\/divainers.com\/hr\/wp-json\/wp\/v2\/media\/15736"}],"wp:attachment":[{"href":"https:\/\/divainers.com\/hr\/wp-json\/wp\/v2\/media?parent=1159"}],"wp:term":[{"taxonomy":"product_brand","embeddable":true,"href":"https:\/\/divainers.com\/hr\/wp-json\/wp\/v2\/product_brand?post=1159"},{"taxonomy":"product_cat","embeddable":true,"href":"https:\/\/divainers.com\/hr\/wp-json\/wp\/v2\/product_cat?post=1159"},{"taxonomy":"product_tag","embeddable":true,"href":"https:\/\/divainers.com\/hr\/wp-json\/wp\/v2\/product_tag?post=1159"}],"curies":[{"name":"wp","href":"https:\/\/api.w.org\/{rel}","templated":true}]}}