{"id":1163,"date":"2025-01-31T08:33:34","date_gmt":"2025-01-31T07:33:34","guid":{"rendered":"https:\/\/divainers.com\/producto\/divain-946\/"},"modified":"2026-04-30T16:16:12","modified_gmt":"2026-04-30T14:16:12","slug":"divain-946","status":"publish","type":"product","link":"https:\/\/divainers.com\/hr\/producto\/divain-946\/","title":{"rendered":"divain.946"},"content":{"rendered":"<p>Luksuzan, topao i zavodljiv miris koji obavija osjetila u auru senzualnosti i misterije. Od samog po\u010detka, slatke note vanilije stapaju se s dodirom citrusa i badema, stvaraju\u0107i nje\u017ean i ugodan prvi dojam. Kako se miris razvija, cedar i sandalovina donose drvenastu i toplu bazu, poja\u010davaju\u0107i njegovu dubinu. Za\u010dinski dodir papra i nje\u017eni akord mo\u0161usa nagla\u0161avaju miris senzualno\u0161\u0107u koja je istovremeno opojna i sofisticirana. Zavr\u0161na mje\u0161avina vanilije i smole jela stvara kremastu meko\u0107u, savr\u0161enu za one koji tra\u017ee zavodljiv, dubok i primamljiv miris koji priziva osje\u0107aj luksuza i \u017eelje.<\/p>\n","protected":false},"excerpt":{"rendered":"<p>Podsje\u0107a na Vanilla Sex od Tom Ford<\/p>\n","protected":false},"featured_media":15867,"comment_status":"open","ping_status":"closed","template":"","meta":[],"product_brand":[],"product_cat":[4265],"product_tag":[1389],"class_list":{"0":"post-1163","1":"product","2":"type-product","3":"status-publish","4":"has-post-thumbnail","6":"product_cat-tom-ford","7":"product_tag-unisex","9":"first","10":"instock","11":"shipping-taxable","12":"product-type-simple"},"_links":{"self":[{"href":"https:\/\/divainers.com\/hr\/wp-json\/wp\/v2\/product\/1163","targetHints":{"allow":["GET"]}}],"collection":[{"href":"https:\/\/divainers.com\/hr\/wp-json\/wp\/v2\/product"}],"about":[{"href":"https:\/\/divainers.com\/hr\/wp-json\/wp\/v2\/types\/product"}],"replies":[{"embeddable":true,"href":"https:\/\/divainers.com\/hr\/wp-json\/wp\/v2\/comments?post=1163"}],"wp:featuredmedia":[{"embeddable":true,"href":"https:\/\/divainers.com\/hr\/wp-json\/wp\/v2\/media\/15867"}],"wp:attachment":[{"href":"https:\/\/divainers.com\/hr\/wp-json\/wp\/v2\/media?parent=1163"}],"wp:term":[{"taxonomy":"product_brand","embeddable":true,"href":"https:\/\/divainers.com\/hr\/wp-json\/wp\/v2\/product_brand?post=1163"},{"taxonomy":"product_cat","embeddable":true,"href":"https:\/\/divainers.com\/hr\/wp-json\/wp\/v2\/product_cat?post=1163"},{"taxonomy":"product_tag","embeddable":true,"href":"https:\/\/divainers.com\/hr\/wp-json\/wp\/v2\/product_tag?post=1163"}],"curies":[{"name":"wp","href":"https:\/\/api.w.org\/{rel}","templated":true}]}}