{"id":11727,"date":"2025-01-31T08:33:27","date_gmt":"2025-01-31T07:33:27","guid":{"rendered":"https:\/\/divainers.com\/producto\/divain-903\/"},"modified":"2026-04-30T16:15:35","modified_gmt":"2026-04-30T14:15:35","slug":"divain-903","status":"publish","type":"product","link":"https:\/\/divainers.com\/hr\/producto\/divain-903\/","title":{"rendered":"divain.903"},"content":{"rendered":"<p>O\u010daravaju\u0107i i nje\u017ean miris koji priziva \u010disto\u0107u djetinjstva s osvje\u017eavaju\u0107om i blagom mje\u0161avinom svje\u017eih citrusa i nje\u017enih cvjetnih nota. Otvaranje je uzdah limuna i slatkih naran\u010di, koji odmah budi osjetila s mladena\u010dkom vitalno\u0161\u0107u. Kako se razvija, note cvijeta naran\u010de i jasmina dodaju topao i nje\u017ean dodir, dok baza od badema i vanilije obavija miris ugodnom meko\u0107om, ostavljaju\u0107i sladak i blago kremasti trag. Ovaj parfem savr\u0161en je za one koji tra\u017ee lagani, svje\u017ei i nje\u017eni miris koji odra\u017eava nevinost i radost prvih trenutaka, stvaraju\u0107i osje\u0107aj topline i svje\u017eine koji nje\u017eno traje tijekom cijelog dana.<\/p>\n","protected":false},"excerpt":{"rendered":"<p>Podsje\u0107a na Ptisenbon od Tartine et Chocolat<\/p>\n","protected":false},"featured_media":11720,"comment_status":"open","ping_status":"closed","template":"","meta":[],"product_brand":[],"product_cat":[3444],"product_tag":[2307],"class_list":{"0":"post-11727","1":"product","2":"type-product","3":"status-publish","4":"has-post-thumbnail","6":"product_cat-tartine-et-chocolat","7":"product_tag-ninos-y-ninas","9":"first","10":"instock","11":"shipping-taxable","12":"product-type-simple"},"_links":{"self":[{"href":"https:\/\/divainers.com\/hr\/wp-json\/wp\/v2\/product\/11727","targetHints":{"allow":["GET"]}}],"collection":[{"href":"https:\/\/divainers.com\/hr\/wp-json\/wp\/v2\/product"}],"about":[{"href":"https:\/\/divainers.com\/hr\/wp-json\/wp\/v2\/types\/product"}],"replies":[{"embeddable":true,"href":"https:\/\/divainers.com\/hr\/wp-json\/wp\/v2\/comments?post=11727"}],"wp:featuredmedia":[{"embeddable":true,"href":"https:\/\/divainers.com\/hr\/wp-json\/wp\/v2\/media\/11720"}],"wp:attachment":[{"href":"https:\/\/divainers.com\/hr\/wp-json\/wp\/v2\/media?parent=11727"}],"wp:term":[{"taxonomy":"product_brand","embeddable":true,"href":"https:\/\/divainers.com\/hr\/wp-json\/wp\/v2\/product_brand?post=11727"},{"taxonomy":"product_cat","embeddable":true,"href":"https:\/\/divainers.com\/hr\/wp-json\/wp\/v2\/product_cat?post=11727"},{"taxonomy":"product_tag","embeddable":true,"href":"https:\/\/divainers.com\/hr\/wp-json\/wp\/v2\/product_tag?post=11727"}],"curies":[{"name":"wp","href":"https:\/\/api.w.org\/{rel}","templated":true}]}}